{"id":2506,"date":"2019-05-17T13:42:25","date_gmt":"2019-05-17T06:42:25","guid":{"rendered":"http:\/\/kientrucbenhvien.com\/?page_id=2506"},"modified":"2019-12-13T09:59:55","modified_gmt":"2019-12-13T02:59:55","slug":"thiet-ke-benh-vien-can-kien-truc-su-chuyen-nganh","status":"publish","type":"page","link":"https:\/\/kientrucbenhvien.com\/index.php\/home\/thiet-ke-benh-vien-can-kien-truc-su-chuyen-nganh\/","title":{"rendered":"Thi\u1ebft k\u1ebf b\u1ec7nh vi\u1ec7n c\u1ea7n ki\u1ebfn tr\u00fac s\u01b0 chuy\u00ean ng\u00e0nh"},"content":{"rendered":"<p>Trong nh\u1eefng n\u0103m qua h\u00e0ng lo\u1ea1t d\u1ef1 \u00e1n x\u00e2y d\u1ef1ng, thi\u1ebft k\u1ebf b\u1ec7nh vi\u1ec7n m\u1edbi h\u00ecnh th\u00e0nh n\u00ean nh\u01b0ng kh\u00f4ng ph\u1ea3i b\u1ec7nh vi\u1ec7n n\u00e0o c\u0169ng \u0111\u1ea1t \u0111\u01b0\u1ee3c thi\u1ebft k\u1ebf chu\u1ea9n. \u0110a s\u1ed1 c\u00e1c b\u1ec7nh vi\u1ec7n d\u00f9 m\u1edbi h\u00ecnh th\u00e0nh sau n\u00e0y nh\u01b0ng thi\u1ebft k\u1ebf l\u1ed7i v\u00f4 c\u00f9ng, v\u00e0 kh\u00f4ng th\u1ec3 ho\u1ea1t \u0111\u1ed9ng \u0111\u01b0\u1ee3c. Ho\u1eb7c ho\u1ea1t \u0111\u1ed9ng ch\u1ea5p v\u00e1 v\u00e0 t\u1ed1n h\u00e0ng t\u1ec9 \u0111\u1ed3ng \u0111\u1ec3 kh\u1eafc ph\u1ee5c. V\u00e0 v\u1ea5n \u0111\u1ec1 v\u1ec1 thi\u1ebft k\u1ebf b\u1ec7nh vi\u1ec7n lu\u00f4n \u0111\u01b0\u1ee3c \u0111\u1ec1 c\u1eadp \u0111\u1ebfn, t\u1ea1i sao l\u1ea1i nh\u01b0 v\u1eady? Ch\u1ec9 \u0111\u01a1n gi\u00e3n l\u00e0 ch\u00fang ta kh\u00f4ng c\u00f3 ki\u1ebfn tr\u00fac s\u01b0 chuy\u00ean ng\u00e0nh cho thi\u1ebft k\u1ebf b\u1ec7nh vi\u1ec7n.<\/p>\n<p style=\"text-align: center;\"><img loading=\"lazy\" class=\"aligncenter\" src=\"http:\/\/kientrucbenhvien.com\/wp-content\/uploads\/2019\/05\/anh-thi-cong-du-an.jpg\" alt=\"\" width=\"1000\" height=\"625\" \/><em>Kts Ph\u01b0\u1edbc Ho\u00e0i c\u1ea1nh d\u1ef1 \u00e1n t\u00e2m huy\u1ebft c\u1ee7a m\u00ecnh.<\/em><\/p>\n<p>Hi\u1ec7n nay ch\u00fang ta \u0111\u00e0o t\u1ea1o ki\u1ebfn tr\u00fac s\u01b0 l\u00e0 \u0111a ng\u00e0nh ngh\u1ec1, m\u1ed9t ki\u1ebfn tr\u00fac s\u01b0 c\u00f3 th\u1ec3 l\u00e0m t\u1ea5t c\u1ea3 m\u1ecdi c\u00f4ng tr\u00ecnh, tuy nhi\u00ean v\u1edbi b\u1ec7nh vi\u1ec7n l\u00e0 m\u1ed9t c\u00f4ng tr\u00ecnh kh\u00f3 v\u00e0 c\u1ea7n am hi\u1ec3u v\u1ec1 chuy\u00ean m\u00f4, c\u00f4ng n\u0103ng, m\u00e1y m\u00f3c v..v\u2026 Thi\u1ebft ngh\u0129 \u0111\u00e3 \u0111\u1ebfn l\u00fac c\u1ea5p b\u1eb1ng ri\u00eang cho Ki\u1ebfn tr\u00fac s\u01b0 chuy\u00ean ng\u00e0nh \u0111\u1ec3 tr\u00e1nh nh\u1eefng c\u00f4ng tr\u00ecnh x\u00e2y l\u00ean l\u1ea1i kh\u00f4ng th\u1ec3 s\u1eed d\u1ee5ng \u0111\u01b0\u1ee3c\u2026<\/p>\n<p>Ki\u1ebfn tr\u00fac s\u01b0 Ph\u01b0\u1edbc Ho\u00e0i v\u1edbi h\u01a1n 10 n\u0103m trong l\u0129nh v\u1ef1c thi\u1ebft k\u1ebf b\u1ec7nh vi\u1ec7n, \u0111i chuy\u00ean s\u00e2u v\u1ec1 thi\u1ebft k\u1ebf d\u1ef1 \u00e1n y t\u1ebf. Anh th\u01b0\u1eddng xuy\u00ean \u0111i c\u00e1c n\u01b0\u1edbc ph\u00e1t tri\u1ec3n \u0111\u1ec3 h\u1ecdc t\u1eadp, trao d\u1ed3i ki\u1ebfn th\u1ee9c, c\u0169ng nh\u01b0 c\u1eadp nh\u1eadp c\u00f4ng ngh\u1ec7 m\u1edbi, trang thi\u1ebft b\u1ecb m\u1edbi. Anh cho r\u1eb1ng n\u1ebfu ch\u1ee7 \u0111\u1ea7u t\u01b0 ch\u1ecdn ki\u1ebfn tr\u00fac s\u01b0 kh\u00f4ng chuy\u00ean ng\u00e0nh, ho\u1eb7c cty kh\u00f4ng chuy\u00ean, th\u00ec vi\u1ec7c \u0111\u1eadp ph\u00e1 th\u00e1o d\u1ee1 l\u00e0 th\u01b0\u1eddng xuy\u00ean x\u1ea3y ra. Ngo\u00e0i ra c\u00e1c ki\u1ebfn tr\u00fac s\u01b0 kh\u00f4ng am hi\u1ec3u h\u1ec7 th\u1ed1ng thi\u1ebft b\u1ecb, n\u00ean \u0111\u1ebfn khi \u0111\u01b0a thi\u1ebft b\u1ecb v\u00e0o th\u00ec kh\u00f4ng \u0111\u01b0\u1ee3c. \u0110i\u1ec1u n\u00e0y \u0111\u01b0\u1ee3c minh ch\u1ee9ng khi ch\u00fang t\u00f4i \u0111i thi c\u00f4ng \u0111a s\u1ed1 ph\u1ea3i \u0111i\u1ec1u ch\u1ec9nh l\u1ea1i thi\u1ebft k\u1ebf sao cho ph\u00f9 h\u1ee3p. Vi\u1ec7c n\u00e0y v\u1eeba l\u00e0m t\u1ed1n k\u00e9m cho ch\u1ee7 \u0111\u1ea7u t\u01b0 m\u00e0 c\u00f2n k\u00e9o d\u00e0i th\u1eddi gian thi c\u00f4ng, v\u00e0 h\u01a1n h\u1ebft m\u1ed9t d\u1ef1 \u00e1n \u0111\u00e3 ch\u1ea5p v\u00e1 th\u00ec ch\u1eafc ch\u1eafn l\u00e0 kh\u00f4ng ho\u00e0n h\u1ea3o.<\/p>\n","protected":false},"excerpt":{"rendered":"<p>Trong nh\u1eefng n\u0103m qua h\u00e0ng lo\u1ea1t d\u1ef1 \u00e1n x\u00e2y d\u1ef1ng, thi\u1ebft k\u1ebf b\u1ec7nh vi\u1ec7n m\u1edbi h\u00ecnh th\u00e0nh n\u00ean nh\u01b0ng kh\u00f4ng ph\u1ea3i b\u1ec7nh vi\u1ec7n n\u00e0o c\u0169ng \u0111\u1ea1t \u0111\u01b0\u1ee3c thi\u1ebft k\u1ebf chu\u1ea9n. \u0110a s\u1ed1 c\u00e1c b\u1ec7nh vi\u1ec7n d\u00f9 m\u1edbi h\u00ecnh th\u00e0nh sau n\u00e0y nh\u01b0ng thi\u1ebft k\u1ebf l\u1ed7i v\u00f4 c\u00f9ng, v\u00e0 kh\u00f4ng th\u1ec3 ho\u1ea1t \u0111\u1ed9ng \u0111\u01b0\u1ee3c. Ho\u1eb7c ho\u1ea1t [&hellip;]<\/p>\n","protected":false},"author":1,"featured_media":0,"parent":2,"menu_order":0,"comment_status":"closed","ping_status":"closed","template":"","meta":[],"yoast_head":"<!-- This site is optimized with the Yoast SEO Premium plugin v17.8 (Yoast SEO v17.8) - https:\/\/yoast.com\/wordpress\/plugins\/seo\/ -->\n<title>Thi\u1ebft k\u1ebf b\u1ec7nh vi\u1ec7n c\u1ea7n ki\u1ebfn tr\u00fac s\u01b0 chuy\u00ean ng\u00e0nh - THI\u1ebeT K\u1ebe B\u1ec6NH VI\u1ec6N - C\u00f4ng ty Ki\u1ebfn Tr\u00fac B\u1ec7nh vi\u1ec7n<\/title>\n<meta name=\"description\" content=\"C\u00f4ng ty Ki\u1ebfn Tr\u00fac B\u1ec7nh vi\u1ec7n.\" \/>\n<meta name=\"robots\" content=\"index, follow, max-snippet:-1, max-image-preview:large, max-video-preview:-1\" \/>\n<link rel=\"canonical\" href=\"https:\/\/kientrucbenhvien.com\/index.php\/home\/thiet-ke-benh-vien-can-kien-truc-su-chuyen-nganh\/\" \/>\n<meta property=\"og:locale\" content=\"vi_VN\" \/>\n<meta property=\"og:type\" content=\"article\" \/>\n<meta property=\"og:title\" content=\"Thi\u1ebft k\u1ebf b\u1ec7nh vi\u1ec7n c\u1ea7n ki\u1ebfn tr\u00fac s\u01b0 chuy\u00ean ng\u00e0nh\" \/>\n<meta property=\"og:description\" content=\"C\u00f4ng ty Ki\u1ebfn Tr\u00fac B\u1ec7nh vi\u1ec7n.\" \/>\n<meta property=\"og:url\" content=\"https:\/\/kientrucbenhvien.com\/index.php\/home\/thiet-ke-benh-vien-can-kien-truc-su-chuyen-nganh\/\" \/>\n<meta property=\"og:site_name\" content=\"THI\u1ebeT K\u1ebe B\u1ec6NH VI\u1ec6N - C\u00f4ng ty Ki\u1ebfn Tr\u00fac B\u1ec7nh vi\u1ec7n\" \/>\n<meta property=\"article:modified_time\" content=\"2019-12-13T02:59:55+00:00\" \/>\n<meta property=\"og:image\" content=\"http:\/\/kientrucbenhvien.com\/wp-content\/uploads\/2019\/05\/anh-thi-cong-du-an.jpg\" \/>\n<meta name=\"twitter:card\" content=\"summary_large_image\" \/>\n<meta name=\"twitter:label1\" content=\"\u01af\u1edbc t\u00ednh th\u1eddi gian \u0111\u1ecdc\" \/>\n\t<meta name=\"twitter:data1\" content=\"3 ph\u00fat\" \/>\n<script type=\"application\/ld+json\" class=\"yoast-schema-graph\">{\"@context\":\"https:\/\/schema.org\",\"@graph\":[{\"@type\":[\"Person\",\"Organization\"],\"@id\":\"https:\/\/kientrucbenhvien.com\/#\/schema\/person\/3e7b9a6669dd435404a12fbd675d2ede\",\"name\":\"admin\",\"image\":{\"@type\":\"ImageObject\",\"@id\":\"https:\/\/kientrucbenhvien.com\/#personlogo\",\"inLanguage\":\"vi\",\"url\":\"https:\/\/secure.gravatar.com\/avatar\/250c70cc5e80dbaf08dc22d7ab353146?s=96&d=mm&r=g\",\"contentUrl\":\"https:\/\/secure.gravatar.com\/avatar\/250c70cc5e80dbaf08dc22d7ab353146?s=96&d=mm&r=g\",\"caption\":\"admin\"},\"logo\":{\"@id\":\"https:\/\/kientrucbenhvien.com\/#personlogo\"}},{\"@type\":\"WebSite\",\"@id\":\"https:\/\/kientrucbenhvien.com\/#website\",\"url\":\"https:\/\/kientrucbenhvien.com\/\",\"name\":\"THI\\u1ebeT K\\u1ebe B\\u1ec6NH VI\\u1ec6N - C\\u00f4ng ty Ki\\u1ebfn Tr\\u00fac B\\u1ec7nh vi\\u1ec7n\",\"description\":\"Thi\\u1ebft k\\u1ebf ki\\u1ebfn tr\\u00fac b\\u1ec7nh vi\\u1ec7n,\",\"publisher\":{\"@id\":\"https:\/\/kientrucbenhvien.com\/#\/schema\/person\/3e7b9a6669dd435404a12fbd675d2ede\"},\"potentialAction\":[{\"@type\":\"SearchAction\",\"target\":{\"@type\":\"EntryPoint\",\"urlTemplate\":\"https:\/\/kientrucbenhvien.com\/?s={search_term_string}\"},\"query-input\":\"required name=search_term_string\"}],\"inLanguage\":\"vi\"},{\"@type\":\"ImageObject\",\"@id\":\"https:\/\/kientrucbenhvien.com\/index.php\/home\/thiet-ke-benh-vien-can-kien-truc-su-chuyen-nganh\/#primaryimage\",\"inLanguage\":\"vi\",\"url\":\"http:\/\/kientrucbenhvien.com\/wp-content\/uploads\/2019\/05\/anh-thi-cong-du-an.jpg\",\"contentUrl\":\"http:\/\/kientrucbenhvien.com\/wp-content\/uploads\/2019\/05\/anh-thi-cong-du-an.jpg\"},{\"@type\":\"WebPage\",\"@id\":\"https:\/\/kientrucbenhvien.com\/index.php\/home\/thiet-ke-benh-vien-can-kien-truc-su-chuyen-nganh\/#webpage\",\"url\":\"https:\/\/kientrucbenhvien.com\/index.php\/home\/thiet-ke-benh-vien-can-kien-truc-su-chuyen-nganh\/\",\"name\":\"Thi\\u1ebft k\\u1ebf b\\u1ec7nh vi\\u1ec7n c\\u1ea7n ki\\u1ebfn tr\\u00fac s\\u01b0 chuy\\u00ean ng\\u00e0nh - THI\\u1ebeT K\\u1ebe B\\u1ec6NH VI\\u1ec6N - C\\u00f4ng ty Ki\\u1ebfn Tr\\u00fac B\\u1ec7nh vi\\u1ec7n\",\"isPartOf\":{\"@id\":\"https:\/\/kientrucbenhvien.com\/#website\"},\"primaryImageOfPage\":{\"@id\":\"https:\/\/kientrucbenhvien.com\/index.php\/home\/thiet-ke-benh-vien-can-kien-truc-su-chuyen-nganh\/#primaryimage\"},\"datePublished\":\"2019-05-17T06:42:25+00:00\",\"dateModified\":\"2019-12-13T02:59:55+00:00\",\"description\":\"C\\u00f4ng ty Ki\\u1ebfn Tr\\u00fac B\\u1ec7nh vi\\u1ec7n.\",\"breadcrumb\":{\"@id\":\"https:\/\/kientrucbenhvien.com\/index.php\/home\/thiet-ke-benh-vien-can-kien-truc-su-chuyen-nganh\/#breadcrumb\"},\"inLanguage\":\"vi\",\"potentialAction\":[{\"@type\":\"ReadAction\",\"target\":[\"https:\/\/kientrucbenhvien.com\/index.php\/home\/thiet-ke-benh-vien-can-kien-truc-su-chuyen-nganh\/\"]}]},{\"@type\":\"BreadcrumbList\",\"@id\":\"https:\/\/kientrucbenhvien.com\/index.php\/home\/thiet-ke-benh-vien-can-kien-truc-su-chuyen-nganh\/#breadcrumb\",\"itemListElement\":[{\"@type\":\"ListItem\",\"position\":1,\"name\":\"Trang ch\\u1ee7\",\"item\":\"https:\/\/kientrucbenhvien.com\/\"},{\"@type\":\"ListItem\",\"position\":2,\"name\":\"Home\",\"item\":\"https:\/\/kientrucbenhvien.com\/\"},{\"@type\":\"ListItem\",\"position\":3,\"name\":\"Thi\\u1ebft k\\u1ebf b\\u1ec7nh vi\\u1ec7n c\\u1ea7n ki\\u1ebfn tr\\u00fac s\\u01b0 chuy\\u00ean ng\\u00e0nh\"}]}]}<\/script>\n<!-- \/ Yoast SEO Premium plugin. -->","yoast_head_json":{"title":"Thi\u1ebft k\u1ebf b\u1ec7nh vi\u1ec7n c\u1ea7n ki\u1ebfn tr\u00fac s\u01b0 chuy\u00ean ng\u00e0nh - THI\u1ebeT K\u1ebe B\u1ec6NH VI\u1ec6N - C\u00f4ng ty Ki\u1ebfn Tr\u00fac B\u1ec7nh vi\u1ec7n","description":"C\u00f4ng ty Ki\u1ebfn Tr\u00fac B\u1ec7nh vi\u1ec7n.","robots":{"index":"index","follow":"follow","max-snippet":"max-snippet:-1","max-image-preview":"max-image-preview:large","max-video-preview":"max-video-preview:-1"},"canonical":"https:\/\/kientrucbenhvien.com\/index.php\/home\/thiet-ke-benh-vien-can-kien-truc-su-chuyen-nganh\/","og_locale":"vi_VN","og_type":"article","og_title":"Thi\u1ebft k\u1ebf b\u1ec7nh vi\u1ec7n c\u1ea7n ki\u1ebfn tr\u00fac s\u01b0 chuy\u00ean ng\u00e0nh","og_description":"C\u00f4ng ty Ki\u1ebfn Tr\u00fac B\u1ec7nh vi\u1ec7n.","og_url":"https:\/\/kientrucbenhvien.com\/index.php\/home\/thiet-ke-benh-vien-can-kien-truc-su-chuyen-nganh\/","og_site_name":"THI\u1ebeT K\u1ebe B\u1ec6NH VI\u1ec6N - C\u00f4ng ty Ki\u1ebfn Tr\u00fac B\u1ec7nh vi\u1ec7n","article_modified_time":"2019-12-13T02:59:55+00:00","og_image":[{"url":"http:\/\/kientrucbenhvien.com\/wp-content\/uploads\/2019\/05\/anh-thi-cong-du-an.jpg"}],"twitter_card":"summary_large_image","twitter_misc":{"\u01af\u1edbc t\u00ednh th\u1eddi gian \u0111\u1ecdc":"3 ph\u00fat"},"schema":{"@context":"https:\/\/schema.org","@graph":[{"@type":["Person","Organization"],"@id":"https:\/\/kientrucbenhvien.com\/#\/schema\/person\/3e7b9a6669dd435404a12fbd675d2ede","name":"admin","image":{"@type":"ImageObject","@id":"https:\/\/kientrucbenhvien.com\/#personlogo","inLanguage":"vi","url":"https:\/\/secure.gravatar.com\/avatar\/250c70cc5e80dbaf08dc22d7ab353146?s=96&d=mm&r=g","contentUrl":"https:\/\/secure.gravatar.com\/avatar\/250c70cc5e80dbaf08dc22d7ab353146?s=96&d=mm&r=g","caption":"admin"},"logo":{"@id":"https:\/\/kientrucbenhvien.com\/#personlogo"}},{"@type":"WebSite","@id":"https:\/\/kientrucbenhvien.com\/#website","url":"https:\/\/kientrucbenhvien.com\/","name":"THI\u1ebeT K\u1ebe B\u1ec6NH VI\u1ec6N - C\u00f4ng ty Ki\u1ebfn Tr\u00fac B\u1ec7nh vi\u1ec7n","description":"Thi\u1ebft k\u1ebf ki\u1ebfn tr\u00fac b\u1ec7nh vi\u1ec7n,","publisher":{"@id":"https:\/\/kientrucbenhvien.com\/#\/schema\/person\/3e7b9a6669dd435404a12fbd675d2ede"},"potentialAction":[{"@type":"SearchAction","target":{"@type":"EntryPoint","urlTemplate":"https:\/\/kientrucbenhvien.com\/?s={search_term_string}"},"query-input":"required name=search_term_string"}],"inLanguage":"vi"},{"@type":"ImageObject","@id":"https:\/\/kientrucbenhvien.com\/index.php\/home\/thiet-ke-benh-vien-can-kien-truc-su-chuyen-nganh\/#primaryimage","inLanguage":"vi","url":"http:\/\/kientrucbenhvien.com\/wp-content\/uploads\/2019\/05\/anh-thi-cong-du-an.jpg","contentUrl":"http:\/\/kientrucbenhvien.com\/wp-content\/uploads\/2019\/05\/anh-thi-cong-du-an.jpg"},{"@type":"WebPage","@id":"https:\/\/kientrucbenhvien.com\/index.php\/home\/thiet-ke-benh-vien-can-kien-truc-su-chuyen-nganh\/#webpage","url":"https:\/\/kientrucbenhvien.com\/index.php\/home\/thiet-ke-benh-vien-can-kien-truc-su-chuyen-nganh\/","name":"Thi\u1ebft k\u1ebf b\u1ec7nh vi\u1ec7n c\u1ea7n ki\u1ebfn tr\u00fac s\u01b0 chuy\u00ean ng\u00e0nh - THI\u1ebeT K\u1ebe B\u1ec6NH VI\u1ec6N - C\u00f4ng ty Ki\u1ebfn Tr\u00fac B\u1ec7nh vi\u1ec7n","isPartOf":{"@id":"https:\/\/kientrucbenhvien.com\/#website"},"primaryImageOfPage":{"@id":"https:\/\/kientrucbenhvien.com\/index.php\/home\/thiet-ke-benh-vien-can-kien-truc-su-chuyen-nganh\/#primaryimage"},"datePublished":"2019-05-17T06:42:25+00:00","dateModified":"2019-12-13T02:59:55+00:00","description":"C\u00f4ng ty Ki\u1ebfn Tr\u00fac B\u1ec7nh vi\u1ec7n.","breadcrumb":{"@id":"https:\/\/kientrucbenhvien.com\/index.php\/home\/thiet-ke-benh-vien-can-kien-truc-su-chuyen-nganh\/#breadcrumb"},"inLanguage":"vi","potentialAction":[{"@type":"ReadAction","target":["https:\/\/kientrucbenhvien.com\/index.php\/home\/thiet-ke-benh-vien-can-kien-truc-su-chuyen-nganh\/"]}]},{"@type":"BreadcrumbList","@id":"https:\/\/kientrucbenhvien.com\/index.php\/home\/thiet-ke-benh-vien-can-kien-truc-su-chuyen-nganh\/#breadcrumb","itemListElement":[{"@type":"ListItem","position":1,"name":"Trang ch\u1ee7","item":"https:\/\/kientrucbenhvien.com\/"},{"@type":"ListItem","position":2,"name":"Home","item":"https:\/\/kientrucbenhvien.com\/"},{"@type":"ListItem","position":3,"name":"Thi\u1ebft k\u1ebf b\u1ec7nh vi\u1ec7n c\u1ea7n ki\u1ebfn tr\u00fac s\u01b0 chuy\u00ean ng\u00e0nh"}]}]}},"_links":{"self":[{"href":"https:\/\/kientrucbenhvien.com\/index.php\/wp-json\/wp\/v2\/pages\/2506"}],"collection":[{"href":"https:\/\/kientrucbenhvien.com\/index.php\/wp-json\/wp\/v2\/pages"}],"about":[{"href":"https:\/\/kientrucbenhvien.com\/index.php\/wp-json\/wp\/v2\/types\/page"}],"author":[{"embeddable":true,"href":"https:\/\/kientrucbenhvien.com\/index.php\/wp-json\/wp\/v2\/users\/1"}],"replies":[{"embeddable":true,"href":"https:\/\/kientrucbenhvien.com\/index.php\/wp-json\/wp\/v2\/comments?post=2506"}],"version-history":[{"count":2,"href":"https:\/\/kientrucbenhvien.com\/index.php\/wp-json\/wp\/v2\/pages\/2506\/revisions"}],"predecessor-version":[{"id":3340,"href":"https:\/\/kientrucbenhvien.com\/index.php\/wp-json\/wp\/v2\/pages\/2506\/revisions\/3340"}],"up":[{"embeddable":true,"href":"https:\/\/kientrucbenhvien.com\/index.php\/wp-json\/wp\/v2\/pages\/2"}],"wp:attachment":[{"href":"https:\/\/kientrucbenhvien.com\/index.php\/wp-json\/wp\/v2\/media?parent=2506"}],"curies":[{"name":"wp","href":"https:\/\/api.w.org\/{rel}","templated":true}]}}