{"id":2514,"date":"2019-05-17T13:51:08","date_gmt":"2019-05-17T06:51:08","guid":{"rendered":"http:\/\/kientrucbenhvien.com\/?page_id=2514"},"modified":"2019-11-01T16:01:31","modified_gmt":"2019-11-01T09:01:31","slug":"thiet-ke-phong-kham-that-su-co-de","status":"publish","type":"page","link":"https:\/\/kientrucbenhvien.com\/index.php\/home\/thiet-ke-phong-kham-that-su-co-de\/","title":{"rendered":"Thi\u1ebft k\u1ebf ph\u00f2ng kh\u00e1m th\u1eadt s\u1ef1 c\u00f3 d\u1ec5?"},"content":{"rendered":"<p>Sau nhi\u1ec1u n\u0103m \u0111i kh\u1eafp \u0111\u1ea5t n\u01b0\u1edbc t\u1eeb B\u1eafc v\u00e0o Nam \u0111\u1ec3 thi\u1ebft k\u1ebf hay c\u1ea3i t\u1ea1o nh\u1eefng d\u1ef1 \u00e1n, ho\u1eb7c <a href=\"https:\/\/kientrucbenhvien.com\/index.php\/nproject\/thiet-ke-phong-kham-ve-tinh-benh-vien-hung-vuong\/\"><strong>thi\u1ebft k\u1ebf ph\u00f2ng kh\u00e1m<\/strong><\/a> l\u1ea1i t\u1eeb nh\u1eefng c\u00f4ng tr\u00ecnh \u0111\u00e3 hi\u1ec7n h\u1eefu. Th\u01b0\u1eddng th\u00ec v\u0103n ph\u00f2ng, hay to\u00e0n nh\u00e0, ho\u1eb7c nh\u1eefng c\u0103n nh\u00e0 li\u1ec1n k\u1ec1 nhau \u0111\u01b0\u1ee3c \u0111\u1eadp v\u00e1ch th\u00f4ng nhau \u0111\u1ec3 l\u1ea5y \u0111\u1ee7 di\u1ec7n t\u00edch l\u00e0m n\u00ean m\u1ed9t ph\u00f2ng kh\u00e1m \u0111a khoa hay chuy\u00ean khoa n\u00e0o \u0111\u00f3\u2026 V\u1eady c\u00e2u h\u1ecfi \u0111\u1eb7t ra l\u00e0 vi\u1ec7c bi\u1ebfn \u0111\u1ed5i c\u00f4ng n\u0103ng t\u1eeb nh\u1eefng c\u00f4ng tr\u00ecnh hi\u1ec7n h\u1eefu n\u00e0y th\u00e0nh ph\u00f2ng kh\u00e1m \u0111a khoa, hay ph\u00f2ng kh\u00e1m chuy\u00ean khoa l\u00e0 d\u1ec5 hay kh\u00f3. C\u00f3 c\u1ea7n \u0111\u1ebfn ki\u1ebfn tr\u00fac s\u01b0 chuy\u00ean v\u1ec1 <strong><a href=\"https:\/\/kientrucbenhvien.com\/index.php\/kien-truc\/thiet-ke-benh-vien\/\">thi\u1ebft k\u1ebf b\u1ec7nh vi\u1ec7n<\/a><\/strong> t\u01b0 v\u1ea5n hay kh\u00f4ng?<\/p>\n<p style=\"text-align: center;\"><img loading=\"lazy\" class=\"size-large wp-image-2456 aligncenter\" src=\"http:\/\/kientrucbenhvien.com\/wp-content\/uploads\/2019\/05\/thiet-ke-phong-kham-nhu-the-nao-1024x576.jpg\" alt=\"\" width=\"1024\" height=\"576\" srcset=\"https:\/\/kientrucbenhvien.com\/wp-content\/uploads\/2019\/05\/thiet-ke-phong-kham-nhu-the-nao-1024x576.jpg 1024w, https:\/\/kientrucbenhvien.com\/wp-content\/uploads\/2019\/05\/thiet-ke-phong-kham-nhu-the-nao-300x169.jpg 300w, https:\/\/kientrucbenhvien.com\/wp-content\/uploads\/2019\/05\/thiet-ke-phong-kham-nhu-the-nao-768x432.jpg 768w, https:\/\/kientrucbenhvien.com\/wp-content\/uploads\/2019\/05\/thiet-ke-phong-kham-nhu-the-nao-555x312.jpg 555w, https:\/\/kientrucbenhvien.com\/wp-content\/uploads\/2019\/05\/thiet-ke-phong-kham-nhu-the-nao-1110x624.jpg 1110w, https:\/\/kientrucbenhvien.com\/wp-content\/uploads\/2019\/05\/thiet-ke-phong-kham-nhu-the-nao-600x338.jpg 600w, https:\/\/kientrucbenhvien.com\/wp-content\/uploads\/2019\/05\/thiet-ke-phong-kham-nhu-the-nao.jpg 1920w\" sizes=\"(max-width: 1024px) 100vw, 1024px\" \/><\/p>\n<p style=\"text-align: center;\"><em>Vi\u1ec7c b\u1ed1 tr\u00ed c\u00e1c thi\u1ebft b\u1ecb m\u00e1y m\u00f3c c\u0169ng c\u1ea7n ph\u1ea3i ch\u1ec9nh chu.<\/em><\/p>\n<p>V\u00e0 c\u00e2u tr\u1ea3 l\u1eddi ch\u00fang t\u00f4i nh\u1eadn \u0111\u01b0\u1ee3c l\u00e0: \u201cR\u1ea5t d\u1ec5\u201d t\u1ea5t nhi\u00ean r\u1ea5t d\u1ec5 n\u00e0y d\u00e0nh cho c\u00e1c B\u00e1c s\u0129 ho\u1eb7c th\u1eadm ch\u00ed l\u00e0 nh\u1eefng ng\u01b0\u1eddi kh\u00f4ng trong l\u0129nh v\u1ef1c y t\u1ebf c\u0169ng c\u00f3 th\u1ec3 l\u00e0m \u0111\u01b0\u1ee3c. V\u00e0 th\u01b0\u1eddng s\u1ebd \u0111\u01b0\u1ee3c l\u00e0m nh\u01b0 sau.<\/p>\n<ul>\n<li>T\u1ef1 b\u1ed1 tr\u00ed c\u00e1c ph\u00f2ng ch\u1ee9c n\u0103ng theo nhu c\u1ea7u ph\u00f2ng kh\u00e1m c\u1ee7a m\u00ecnh. Vi\u1ec7c n\u00e0y th\u00f4ng th\u01b0\u1eddng theo \u0111\u00e1nh gi\u00e1 c\u1ee7a nh\u00e0 \u0111\u1ea7u t\u01b0 l\u00e0 r\u1ea5t d\u1ec5, v\u00ec \u0111\u01a1n gi\u00e3n ch\u1ec9 l\u00e0 qu\u1ea7y thu\u1ed1c, ph\u00f2ng kh\u00e1m, ph\u00f2ng si\u00eau \u00e2m, ph\u00f2ng xquang v.v\u2026 Tuy nhi\u00ean vi\u1ec7c n\u00e0y l\u00e0 kh\u00f4ng h\u1ec1 chuy\u00ean nghi\u1ec7p nh\u01b0 nh\u00e0 \u0111\u1ea7u t\u01b0 ngh\u0129, b\u1edfi l\u1ebd nh\u1eefng c\u00f4ng tr\u00ecnh hi\u1ec7n h\u1eefu \u0111\u00e3 c\u00f3 s\u1eb5n di\u1ec7n t\u00edch m\u1eb7t b\u1eb1ng n\u00ean vi\u1ec7c s\u1eafp x\u1ebfp v\u00e0 b\u1ed1 tr\u00ed c\u00e1c ph\u00f2ng ch\u1ee9c n\u0103ng kh\u00f4ng t\u1eadn d\u1ee5ng \u0111\u01b0\u1ee3c t\u1ed1i \u0111a di\u1ec7n t\u00edch. V\u00e0 th\u01b0\u1eddng l\u00e0 kh\u00f4ng \u0111\u1eb9p ch\u1ec9 l\u00e0 m\u1ed9t ph\u00f2ng kh\u00e1m b\u00ecnh th\u01b0\u1eddng \u0111\u01b0\u1ee3c ng\u0103n b\u1eb1ng nh\u1eefng v\u00e1ch nh\u00f4m k\u00ednh. Kh\u00f4ng \u0111\u1ed3ng b\u1ed9 t\u1eeb n\u1ed9i th\u1ea5t \u0111\u1ebfn ngo\u1ea1i th\u1ea5t, c\u00e1c kh\u00f4ng gian ch\u1edd v\u1ec7 sinh th\u01b0\u1eddng b\u1ed1 tr\u00ed kh\u00f4ng ho\u00e0n h\u1ea3o.<\/li>\n<li>T\u1ef1 x\u00e2y d\u1ef1ng v\u00e0 trang tr\u00ed theo c\u00e1ch c\u1ee7a m\u00ecnh: \u0111\u00fang nh\u01b0 v\u1eady c\u00e1c nh\u00e0 \u0111\u1ea7u t\u01b0 th\u00f4ng th\u01b0\u1eddng v\u00ec ngh\u0129 d\u1ec5 n\u00ean g\u1ecdi nh\u00e0 th\u1ea7u x\u00e2y d\u1ef1ng v\u00e0 k\u00fd k\u1ebft thi c\u00f4ng theo \u00fd c\u1ee7a m\u00ecnh. K\u1ebft qu\u1ea3 v\u1eabn ra l\u00e0 m\u1ed9t ph\u00f2ng kh\u00e1m, tuy nhi\u00ean theo ch\u00fang t\u00f4i ghi nh\u1eadn \u0111\u01b0\u1ee3c v\u1edbi nhi\u1ec1u d\u1ef1 \u00e1n nh\u01b0 th\u1ebf n\u00e0y th\u00ec \u0111\u00e2y ch\u1ec9 l\u00e0 nh\u1eefng ph\u00f2ng kh\u00e1m t\u1ea1m \u0111\u01b0\u1ee3c ng\u0103n chia \u0111\u1ec3 ph\u1ee5c v\u1ee5c kh\u00e1m v\u00e0 ch\u1eefa b\u1ec7nh. V\u00e0 khi b\u1ec7nh nh\u00e2n v\u00e0o \u0111i\u1ec1u tr\u1ecb c\u1ea3m th\u1ea5y ph\u00f2ng kh\u00e1m k\u00e9m sang v\u00e0 kh\u00f4ng chuy\u00ean nghi\u1ec7p. D\u00f9 d\u1ecbch v\u1ee5 v\u00e0 \u0111\u1ed9i ng\u0169 y b\u00e1c s\u0129 c\u1ee7a ph\u00f2ng kh\u00e1m r\u1ea5t t\u1ed1t \u0111i ch\u0103ng n\u1eefa th\u00ec v\u1eabn \u00edt \u0111\u01b0\u1ee3c l\u00f2ng b\u1ec7nh nh\u00e2n. B\u1edfi l\u1ebd ng\u00e0y nay con ng\u01b0\u1eddi \u0111\u1eddi s\u1ed1ng v\u1eadt ch\u1ea5t \u0111\u00e3 ph\u00e1t tri\u1ec3n, nhu c\u1ea7u kh\u00e1m ch\u1eefa b\u1ec7nh gi\u1edd \u0111\u00e2y ph\u1ea3i chuy\u00ean nghi\u1ec7p h\u01a1n t\u1eeb m\u1ecdi m\u1eb7t. V\u00e0 l\u00e0 cu\u1ed9c c\u1ea1nh tranh c\u1ee7a c\u00e1c ph\u00f2ng kh\u00e1m v\u1edbi nhau, v\u00ec hi\u1ec7n n\u00e0y kh\u00f4ng ch\u1ec9 l\u00e0 kh\u00e1m v\u00e0 \u0111i\u1ec1u tr\u1ecb n\u1eefa m\u00e0 n\u00f3 l\u00e0 m\u1ed9t d\u1ecbch v\u1ee5.<\/li>\n<\/ul>\n<p>T\u1ea5t nhi\u00ean l\u00e0 d\u1ec5 r\u1ed3i \u0111\u00fang kh\u00f4ng, ch\u00fang ta c\u00f3 th\u1ec3 suy ngh\u0129 nh\u01b0 th\u1ebf n\u00e0y. Ng\u00e0y tr\u01b0\u1edbc c\u00f3 c\u1ea7n ki\u1ebfn tr\u00fac s\u01b0 \u0111\u00e2u, \u00f4ng cha ta v\u1eabn x\u00e2y nh\u00e0 b\u00ecnh th\u01b0\u1eddng. C\u00f3 c\u1ea7n b\u1ea3n v\u1ebd thi\u1ebft k\u1ebf \u0111\u00e2u \u0111\u01a1n v\u1ecb thi c\u00f4ng v\u1eabn thi c\u00f4ng v\u00e0 h\u00ecnh th\u00e0nh n\u00ean m\u1ed9t ng\u00f4i nh\u00e0 \u1edf theo \u00fd mu\u1ed1n c\u1ee7a ch\u1ee7 nh\u00e0. Nh\u01b0ng ng\u00e0y nay th\u00ec sao v\u1edbi nhu c\u1ea7u cao kh\u00f4ng c\u00f2n l\u00e0 \u1edf n\u1eefa m\u00e0 l\u00e0 ho\u00e0n h\u1ea3o, kh\u00f4ng gian s\u1ed1ng t\u1ed1t nh\u1ea5t c\u00f3 th\u1ec3. Ngo\u00e0i ra ph\u1ea3i \u0111\u1eb9p lung linh v\u2026v\u2026 v\u00e0 v\u00ec th\u1ebf h\u1ecd t\u00ecm \u0111\u1ebfn ki\u1ebfn tr\u00fac s\u01b0. V\u00e0 v\u1edbi d\u1ef1 \u00e1n thi\u1ebft k\u1ebf ph\u00f2ng kh\u00e1m c\u0169ng v\u1eady ch\u1eafc ch\u1eafn l\u00e0 s\u1ebd h\u00ecnh th\u00e0nh n\u00ean m\u1ed9t ph\u00f2ng kh\u00e1m, tuy nhi\u00ean ph\u00f2ng kh\u00e1m \u1ea5y nh\u01b0 th\u1ebf n\u00e0o m\u00e0 th\u00f4i.<\/p>\n<p>Thay cho l\u1eddi k\u1ebft: B\u1ea1n mu\u1ed1n<a href=\"https:\/\/kientrucbenhvien.com\/index.php\/home\/thiet-ke-phong-kham-that-su-co-de\/\"><strong> thi\u1ebft k\u1ebf ph\u00f2ng kh\u00e1m<\/strong><\/a> m\u00ecnh nh\u01b0 th\u1ebf n\u00e0o h\u00e3y g\u1ecdi cho ch\u00fang t\u00f4i tr\u01b0\u1edbc khi b\u1ea1n b\u1eaft tay \u0111\u1ea7u t\u01b0 m\u1ed9t ph\u00f2ng kh\u00e1m \u0111a khoa hay chuy\u00ean khoa nh\u01b0 th\u1ebf n\u00e0y.<\/p>\n<p><strong>Hotline t\u01b0 v\u1ea5n: 0909 44 45 46 ( Kts Ho\u00e0i).<\/strong><\/p>\n<hr \/>\n<p>&nbsp;<\/p>\n","protected":false},"excerpt":{"rendered":"<p>Sau nhi\u1ec1u n\u0103m \u0111i kh\u1eafp \u0111\u1ea5t n\u01b0\u1edbc t\u1eeb B\u1eafc v\u00e0o Nam \u0111\u1ec3 thi\u1ebft k\u1ebf hay c\u1ea3i t\u1ea1o nh\u1eefng d\u1ef1 \u00e1n, ho\u1eb7c thi\u1ebft k\u1ebf ph\u00f2ng kh\u00e1m l\u1ea1i t\u1eeb nh\u1eefng c\u00f4ng tr\u00ecnh \u0111\u00e3 hi\u1ec7n h\u1eefu. Th\u01b0\u1eddng th\u00ec v\u0103n ph\u00f2ng, hay to\u00e0n nh\u00e0, ho\u1eb7c nh\u1eefng c\u0103n nh\u00e0 li\u1ec1n k\u1ec1 nhau \u0111\u01b0\u1ee3c \u0111\u1eadp v\u00e1ch th\u00f4ng nhau \u0111\u1ec3 l\u1ea5y \u0111\u1ee7 [&hellip;]<\/p>\n","protected":false},"author":1,"featured_media":0,"parent":2,"menu_order":0,"comment_status":"closed","ping_status":"closed","template":"","meta":[],"yoast_head":"<!-- This site is optimized with the Yoast SEO Premium plugin v17.8 (Yoast SEO v17.8) - https:\/\/yoast.com\/wordpress\/plugins\/seo\/ -->\n<title>Thi\u1ebft k\u1ebf ph\u00f2ng kh\u00e1m th\u1eadt s\u1ef1 c\u00f3 d\u1ec5? - THI\u1ebeT K\u1ebe B\u1ec6NH VI\u1ec6N - C\u00f4ng ty Ki\u1ebfn Tr\u00fac B\u1ec7nh vi\u1ec7n<\/title>\n<meta name=\"description\" content=\"THI\u1ebeT K\u1ebe B\u1ec6NH VI\u1ec6N - C\u00f4ng ty Ki\u1ebfn Tr\u00fac B\u1ec7nh vi\u1ec7n.\" \/>\n<meta name=\"robots\" content=\"index, follow, max-snippet:-1, max-image-preview:large, max-video-preview:-1\" \/>\n<link rel=\"canonical\" href=\"https:\/\/kientrucbenhvien.com\/index.php\/home\/thiet-ke-phong-kham-that-su-co-de\/\" \/>\n<meta property=\"og:locale\" content=\"vi_VN\" \/>\n<meta property=\"og:type\" content=\"article\" \/>\n<meta property=\"og:title\" content=\"Thi\u1ebft k\u1ebf ph\u00f2ng kh\u00e1m th\u1eadt s\u1ef1 c\u00f3 d\u1ec5?\" \/>\n<meta property=\"og:description\" content=\"THI\u1ebeT K\u1ebe B\u1ec6NH VI\u1ec6N - C\u00f4ng ty Ki\u1ebfn Tr\u00fac B\u1ec7nh vi\u1ec7n.\" \/>\n<meta property=\"og:url\" content=\"https:\/\/kientrucbenhvien.com\/index.php\/home\/thiet-ke-phong-kham-that-su-co-de\/\" \/>\n<meta property=\"og:site_name\" content=\"THI\u1ebeT K\u1ebe B\u1ec6NH VI\u1ec6N - C\u00f4ng ty Ki\u1ebfn Tr\u00fac B\u1ec7nh vi\u1ec7n\" \/>\n<meta property=\"article:modified_time\" content=\"2019-11-01T09:01:31+00:00\" \/>\n<meta property=\"og:image\" content=\"http:\/\/kientrucbenhvien.com\/wp-content\/uploads\/2019\/05\/thiet-ke-phong-kham-nhu-the-nao-1024x576.jpg\" \/>\n<meta name=\"twitter:card\" content=\"summary_large_image\" \/>\n<meta name=\"twitter:label1\" content=\"\u01af\u1edbc t\u00ednh th\u1eddi gian \u0111\u1ecdc\" \/>\n\t<meta name=\"twitter:data1\" content=\"5 ph\u00fat\" \/>\n<script type=\"application\/ld+json\" class=\"yoast-schema-graph\">{\"@context\":\"https:\/\/schema.org\",\"@graph\":[{\"@type\":[\"Person\",\"Organization\"],\"@id\":\"https:\/\/kientrucbenhvien.com\/#\/schema\/person\/3e7b9a6669dd435404a12fbd675d2ede\",\"name\":\"admin\",\"image\":{\"@type\":\"ImageObject\",\"@id\":\"https:\/\/kientrucbenhvien.com\/#personlogo\",\"inLanguage\":\"vi\",\"url\":\"https:\/\/secure.gravatar.com\/avatar\/250c70cc5e80dbaf08dc22d7ab353146?s=96&d=mm&r=g\",\"contentUrl\":\"https:\/\/secure.gravatar.com\/avatar\/250c70cc5e80dbaf08dc22d7ab353146?s=96&d=mm&r=g\",\"caption\":\"admin\"},\"logo\":{\"@id\":\"https:\/\/kientrucbenhvien.com\/#personlogo\"}},{\"@type\":\"WebSite\",\"@id\":\"https:\/\/kientrucbenhvien.com\/#website\",\"url\":\"https:\/\/kientrucbenhvien.com\/\",\"name\":\"THI\\u1ebeT K\\u1ebe B\\u1ec6NH VI\\u1ec6N - C\\u00f4ng ty Ki\\u1ebfn Tr\\u00fac B\\u1ec7nh vi\\u1ec7n\",\"description\":\"Thi\\u1ebft k\\u1ebf ki\\u1ebfn tr\\u00fac b\\u1ec7nh vi\\u1ec7n,\",\"publisher\":{\"@id\":\"https:\/\/kientrucbenhvien.com\/#\/schema\/person\/3e7b9a6669dd435404a12fbd675d2ede\"},\"potentialAction\":[{\"@type\":\"SearchAction\",\"target\":{\"@type\":\"EntryPoint\",\"urlTemplate\":\"https:\/\/kientrucbenhvien.com\/?s={search_term_string}\"},\"query-input\":\"required name=search_term_string\"}],\"inLanguage\":\"vi\"},{\"@type\":\"ImageObject\",\"@id\":\"https:\/\/kientrucbenhvien.com\/index.php\/home\/thiet-ke-phong-kham-that-su-co-de\/#primaryimage\",\"inLanguage\":\"vi\",\"url\":\"http:\/\/kientrucbenhvien.com\/wp-content\/uploads\/2019\/05\/thiet-ke-phong-kham-nhu-the-nao-1024x576.jpg\",\"contentUrl\":\"http:\/\/kientrucbenhvien.com\/wp-content\/uploads\/2019\/05\/thiet-ke-phong-kham-nhu-the-nao-1024x576.jpg\"},{\"@type\":\"WebPage\",\"@id\":\"https:\/\/kientrucbenhvien.com\/index.php\/home\/thiet-ke-phong-kham-that-su-co-de\/#webpage\",\"url\":\"https:\/\/kientrucbenhvien.com\/index.php\/home\/thiet-ke-phong-kham-that-su-co-de\/\",\"name\":\"Thi\\u1ebft k\\u1ebf ph\\u00f2ng kh\\u00e1m th\\u1eadt s\\u1ef1 c\\u00f3 d\\u1ec5? - THI\\u1ebeT K\\u1ebe B\\u1ec6NH VI\\u1ec6N - C\\u00f4ng ty Ki\\u1ebfn Tr\\u00fac B\\u1ec7nh vi\\u1ec7n\",\"isPartOf\":{\"@id\":\"https:\/\/kientrucbenhvien.com\/#website\"},\"primaryImageOfPage\":{\"@id\":\"https:\/\/kientrucbenhvien.com\/index.php\/home\/thiet-ke-phong-kham-that-su-co-de\/#primaryimage\"},\"datePublished\":\"2019-05-17T06:51:08+00:00\",\"dateModified\":\"2019-11-01T09:01:31+00:00\",\"description\":\"THI\\u1ebeT K\\u1ebe B\\u1ec6NH VI\\u1ec6N - C\\u00f4ng ty Ki\\u1ebfn Tr\\u00fac B\\u1ec7nh vi\\u1ec7n.\",\"breadcrumb\":{\"@id\":\"https:\/\/kientrucbenhvien.com\/index.php\/home\/thiet-ke-phong-kham-that-su-co-de\/#breadcrumb\"},\"inLanguage\":\"vi\",\"potentialAction\":[{\"@type\":\"ReadAction\",\"target\":[\"https:\/\/kientrucbenhvien.com\/index.php\/home\/thiet-ke-phong-kham-that-su-co-de\/\"]}]},{\"@type\":\"BreadcrumbList\",\"@id\":\"https:\/\/kientrucbenhvien.com\/index.php\/home\/thiet-ke-phong-kham-that-su-co-de\/#breadcrumb\",\"itemListElement\":[{\"@type\":\"ListItem\",\"position\":1,\"name\":\"Trang ch\\u1ee7\",\"item\":\"https:\/\/kientrucbenhvien.com\/\"},{\"@type\":\"ListItem\",\"position\":2,\"name\":\"Home\",\"item\":\"https:\/\/kientrucbenhvien.com\/\"},{\"@type\":\"ListItem\",\"position\":3,\"name\":\"Thi\\u1ebft k\\u1ebf ph\\u00f2ng kh\\u00e1m th\\u1eadt s\\u1ef1 c\\u00f3 d\\u1ec5?\"}]}]}<\/script>\n<!-- \/ Yoast SEO Premium plugin. -->","yoast_head_json":{"title":"Thi\u1ebft k\u1ebf ph\u00f2ng kh\u00e1m th\u1eadt s\u1ef1 c\u00f3 d\u1ec5? - THI\u1ebeT K\u1ebe B\u1ec6NH VI\u1ec6N - C\u00f4ng ty Ki\u1ebfn Tr\u00fac B\u1ec7nh vi\u1ec7n","description":"THI\u1ebeT K\u1ebe B\u1ec6NH VI\u1ec6N - C\u00f4ng ty Ki\u1ebfn Tr\u00fac B\u1ec7nh vi\u1ec7n.","robots":{"index":"index","follow":"follow","max-snippet":"max-snippet:-1","max-image-preview":"max-image-preview:large","max-video-preview":"max-video-preview:-1"},"canonical":"https:\/\/kientrucbenhvien.com\/index.php\/home\/thiet-ke-phong-kham-that-su-co-de\/","og_locale":"vi_VN","og_type":"article","og_title":"Thi\u1ebft k\u1ebf ph\u00f2ng kh\u00e1m th\u1eadt s\u1ef1 c\u00f3 d\u1ec5?","og_description":"THI\u1ebeT K\u1ebe B\u1ec6NH VI\u1ec6N - C\u00f4ng ty Ki\u1ebfn Tr\u00fac B\u1ec7nh vi\u1ec7n.","og_url":"https:\/\/kientrucbenhvien.com\/index.php\/home\/thiet-ke-phong-kham-that-su-co-de\/","og_site_name":"THI\u1ebeT K\u1ebe B\u1ec6NH VI\u1ec6N - C\u00f4ng ty Ki\u1ebfn Tr\u00fac B\u1ec7nh vi\u1ec7n","article_modified_time":"2019-11-01T09:01:31+00:00","og_image":[{"url":"http:\/\/kientrucbenhvien.com\/wp-content\/uploads\/2019\/05\/thiet-ke-phong-kham-nhu-the-nao-1024x576.jpg"}],"twitter_card":"summary_large_image","twitter_misc":{"\u01af\u1edbc t\u00ednh th\u1eddi gian \u0111\u1ecdc":"5 ph\u00fat"},"schema":{"@context":"https:\/\/schema.org","@graph":[{"@type":["Person","Organization"],"@id":"https:\/\/kientrucbenhvien.com\/#\/schema\/person\/3e7b9a6669dd435404a12fbd675d2ede","name":"admin","image":{"@type":"ImageObject","@id":"https:\/\/kientrucbenhvien.com\/#personlogo","inLanguage":"vi","url":"https:\/\/secure.gravatar.com\/avatar\/250c70cc5e80dbaf08dc22d7ab353146?s=96&d=mm&r=g","contentUrl":"https:\/\/secure.gravatar.com\/avatar\/250c70cc5e80dbaf08dc22d7ab353146?s=96&d=mm&r=g","caption":"admin"},"logo":{"@id":"https:\/\/kientrucbenhvien.com\/#personlogo"}},{"@type":"WebSite","@id":"https:\/\/kientrucbenhvien.com\/#website","url":"https:\/\/kientrucbenhvien.com\/","name":"THI\u1ebeT K\u1ebe B\u1ec6NH VI\u1ec6N - C\u00f4ng ty Ki\u1ebfn Tr\u00fac B\u1ec7nh vi\u1ec7n","description":"Thi\u1ebft k\u1ebf ki\u1ebfn tr\u00fac b\u1ec7nh vi\u1ec7n,","publisher":{"@id":"https:\/\/kientrucbenhvien.com\/#\/schema\/person\/3e7b9a6669dd435404a12fbd675d2ede"},"potentialAction":[{"@type":"SearchAction","target":{"@type":"EntryPoint","urlTemplate":"https:\/\/kientrucbenhvien.com\/?s={search_term_string}"},"query-input":"required name=search_term_string"}],"inLanguage":"vi"},{"@type":"ImageObject","@id":"https:\/\/kientrucbenhvien.com\/index.php\/home\/thiet-ke-phong-kham-that-su-co-de\/#primaryimage","inLanguage":"vi","url":"http:\/\/kientrucbenhvien.com\/wp-content\/uploads\/2019\/05\/thiet-ke-phong-kham-nhu-the-nao-1024x576.jpg","contentUrl":"http:\/\/kientrucbenhvien.com\/wp-content\/uploads\/2019\/05\/thiet-ke-phong-kham-nhu-the-nao-1024x576.jpg"},{"@type":"WebPage","@id":"https:\/\/kientrucbenhvien.com\/index.php\/home\/thiet-ke-phong-kham-that-su-co-de\/#webpage","url":"https:\/\/kientrucbenhvien.com\/index.php\/home\/thiet-ke-phong-kham-that-su-co-de\/","name":"Thi\u1ebft k\u1ebf ph\u00f2ng kh\u00e1m th\u1eadt s\u1ef1 c\u00f3 d\u1ec5? - THI\u1ebeT K\u1ebe B\u1ec6NH VI\u1ec6N - C\u00f4ng ty Ki\u1ebfn Tr\u00fac B\u1ec7nh vi\u1ec7n","isPartOf":{"@id":"https:\/\/kientrucbenhvien.com\/#website"},"primaryImageOfPage":{"@id":"https:\/\/kientrucbenhvien.com\/index.php\/home\/thiet-ke-phong-kham-that-su-co-de\/#primaryimage"},"datePublished":"2019-05-17T06:51:08+00:00","dateModified":"2019-11-01T09:01:31+00:00","description":"THI\u1ebeT K\u1ebe B\u1ec6NH VI\u1ec6N - C\u00f4ng ty Ki\u1ebfn Tr\u00fac B\u1ec7nh vi\u1ec7n.","breadcrumb":{"@id":"https:\/\/kientrucbenhvien.com\/index.php\/home\/thiet-ke-phong-kham-that-su-co-de\/#breadcrumb"},"inLanguage":"vi","potentialAction":[{"@type":"ReadAction","target":["https:\/\/kientrucbenhvien.com\/index.php\/home\/thiet-ke-phong-kham-that-su-co-de\/"]}]},{"@type":"BreadcrumbList","@id":"https:\/\/kientrucbenhvien.com\/index.php\/home\/thiet-ke-phong-kham-that-su-co-de\/#breadcrumb","itemListElement":[{"@type":"ListItem","position":1,"name":"Trang ch\u1ee7","item":"https:\/\/kientrucbenhvien.com\/"},{"@type":"ListItem","position":2,"name":"Home","item":"https:\/\/kientrucbenhvien.com\/"},{"@type":"ListItem","position":3,"name":"Thi\u1ebft k\u1ebf ph\u00f2ng kh\u00e1m th\u1eadt s\u1ef1 c\u00f3 d\u1ec5?"}]}]}},"_links":{"self":[{"href":"https:\/\/kientrucbenhvien.com\/index.php\/wp-json\/wp\/v2\/pages\/2514"}],"collection":[{"href":"https:\/\/kientrucbenhvien.com\/index.php\/wp-json\/wp\/v2\/pages"}],"about":[{"href":"https:\/\/kientrucbenhvien.com\/index.php\/wp-json\/wp\/v2\/types\/page"}],"author":[{"embeddable":true,"href":"https:\/\/kientrucbenhvien.com\/index.php\/wp-json\/wp\/v2\/users\/1"}],"replies":[{"embeddable":true,"href":"https:\/\/kientrucbenhvien.com\/index.php\/wp-json\/wp\/v2\/comments?post=2514"}],"version-history":[{"count":4,"href":"https:\/\/kientrucbenhvien.com\/index.php\/wp-json\/wp\/v2\/pages\/2514\/revisions"}],"predecessor-version":[{"id":3267,"href":"https:\/\/kientrucbenhvien.com\/index.php\/wp-json\/wp\/v2\/pages\/2514\/revisions\/3267"}],"up":[{"embeddable":true,"href":"https:\/\/kientrucbenhvien.com\/index.php\/wp-json\/wp\/v2\/pages\/2"}],"wp:attachment":[{"href":"https:\/\/kientrucbenhvien.com\/index.php\/wp-json\/wp\/v2\/media?parent=2514"}],"curies":[{"name":"wp","href":"https:\/\/api.w.org\/{rel}","templated":true}]}}