{"id":2769,"date":"2019-08-12T08:37:08","date_gmt":"2019-08-12T01:37:08","guid":{"rendered":"https:\/\/kientrucbenhvien.com\/?page_id=2769"},"modified":"2019-09-20T13:59:24","modified_gmt":"2019-09-20T06:59:24","slug":"thiet-ke-noi-that-benh-vien","status":"publish","type":"page","link":"https:\/\/kientrucbenhvien.com\/index.php\/home\/thiet-ke-noi-that-benh-vien\/","title":{"rendered":"Thi\u1ebft k\u1ebf n\u1ed9i th\u1ea5t b\u1ec7nh vi\u1ec7n"},"content":{"rendered":"<p>Sau nhi\u1ec1u n\u0103m nghi\u00ean c\u1ee9u v\u00e0 thi\u1ebft k\u1ebf chuy\u00ean nghi\u1ec7p v\u1ec1 n\u1ed9i th\u1ea5t b\u1ec7nh vi\u1ec7n.<strong>\u00a0<a href=\"https:\/\/kientrucbenhvien.com\/\">Ki\u1ebfn tr\u00fac b\u1ec7nh vi\u1ec7n<\/a><\/strong>\u00a0lu\u00f4n l\u00e0 \u0111\u01a1n v\u1ecb \u0111i ti\u00ean phong trong l\u0129nh v\u1ef1c\u00a0<a href=\"https:\/\/kientrucbenhvien.com\/\">thi\u1ebft k\u1ebf b\u1ec7nh vi\u1ec7n<\/a>\u00a0t\u1ea1i Vi\u1ec7t Nam.<br \/>\nV\u00e0 h\u00f4m nay m\u1ed9t d\u1ef1 \u00e1n n\u1eefa \u0111\u01b0\u1ee3c ch\u00fang t\u00f4i th\u1ef1c hi\u1ec7n tr\u1ecdn g\u00f3i, \u0111\u1ed1i v\u1edbi h\u1ea1ng m\u1ee5c\u00a0\u00a0<strong><a href=\"https:\/\/kientrucbenhvien.com\/index.php\/2019\/08\/12\/thiet-ke-noi-that-benh-vien-115\/\">thi\u1ebft k\u1ebf n\u1ed9i th\u1ea5t b\u1ec7nh vi\u1ec7n.<\/a>\u00a0<\/strong>T\u1eebng chi ti\u1ebft nh\u1ecf \u0111\u01b0\u1ee3c g\u1ecdt gi\u0169a t\u1ec9 m\u1ec9, \u0111\u1ec3 h\u00ecnh th\u00e0nh n\u00ean m\u1ed9t t\u00e1c ph\u1ea9m n\u1ed9i th\u1ea5t ho\u00e0n ch\u1ec9nh v\u00e0 hi\u1ec7n \u0111\u1ea1i.<br \/>\nM\u1ed9t t\u00e1c ph\u1ea9m \u0111\u01b0\u1ee3c ch\u00fang t\u00f4i \u0111\u1ea7u t\u01b0 b\u00e0i b\u1ea3n v\u1ec1 thi\u1ebft k\u1ebf c\u1ea3 v\u1ec1 ngo\u1ea1i h\u00ecnh v\u00e0 c\u00f4ng n\u0103ng s\u1ebd \u0111\u01b0\u1ee3c c\u00f4ng b\u1ed1 v\u00e0o ng\u00e0y 15\/08\/2019. D\u1ef1 \u00e1n v\u1edbi h\u01a1n 300 gi\u01b0\u1eddng b\u1ec7nh, 7 ph\u00f2ng m\u1ed5, t\u1ed5ng di\u1ec7n t\u00edch s\u00e0n l\u00ean \u0111\u1ebfn 18.000m.<br \/>\nB\u1ec7nh vi\u1ec7n tuy l\u00e0 \u0111a khoa nh\u01b0ng th\u1ebf m\u1ea1nh nh\u1ea5t v\u1eabn l\u00e0 Ch\u1ea5n Th\u01b0\u01a1ng Ch\u1ec9nh H\u00ecnh. B\u1ec7nh vi\u1ec7n s\u1ebd \u0111\u01b0\u1ee3c kh\u1edfi c\u00f4ng x\u00e2y d\u1ef1ng v\u00e0o th\u00e1ng 10\/2019.<\/p>\n<p>.<\/p>\n<p><img loading=\"lazy\" class=\"size-large wp-image-2771 aligncenter\" src=\"https:\/\/kientrucbenhvien.com\/wp-content\/uploads\/2019\/08\/thiet-ke-noi-that-benh-vien-da-khoa-dong-nai1-1024x576.jpg\" alt=\"\" width=\"1024\" height=\"576\" srcset=\"https:\/\/kientrucbenhvien.com\/wp-content\/uploads\/2019\/08\/thiet-ke-noi-that-benh-vien-da-khoa-dong-nai1-1024x576.jpg 1024w, https:\/\/kientrucbenhvien.com\/wp-content\/uploads\/2019\/08\/thiet-ke-noi-that-benh-vien-da-khoa-dong-nai1-300x169.jpg 300w, https:\/\/kientrucbenhvien.com\/wp-content\/uploads\/2019\/08\/thiet-ke-noi-that-benh-vien-da-khoa-dong-nai1-768x432.jpg 768w, https:\/\/kientrucbenhvien.com\/wp-content\/uploads\/2019\/08\/thiet-ke-noi-that-benh-vien-da-khoa-dong-nai1-555x312.jpg 555w, https:\/\/kientrucbenhvien.com\/wp-content\/uploads\/2019\/08\/thiet-ke-noi-that-benh-vien-da-khoa-dong-nai1-1110x624.jpg 1110w, https:\/\/kientrucbenhvien.com\/wp-content\/uploads\/2019\/08\/thiet-ke-noi-that-benh-vien-da-khoa-dong-nai1-600x338.jpg 600w, https:\/\/kientrucbenhvien.com\/wp-content\/uploads\/2019\/08\/thiet-ke-noi-that-benh-vien-da-khoa-dong-nai1.jpg 1920w\" sizes=\"(max-width: 1024px) 100vw, 1024px\" \/><\/p>\n<p><img loading=\"lazy\" class=\"size-large wp-image-2772 aligncenter\" src=\"https:\/\/kientrucbenhvien.com\/wp-content\/uploads\/2019\/08\/thiet-ke-noi-that-benh-vien-da-khoa-dong-nai2-1024x576.jpg\" alt=\"\" width=\"1024\" height=\"576\" srcset=\"https:\/\/kientrucbenhvien.com\/wp-content\/uploads\/2019\/08\/thiet-ke-noi-that-benh-vien-da-khoa-dong-nai2-1024x576.jpg 1024w, https:\/\/kientrucbenhvien.com\/wp-content\/uploads\/2019\/08\/thiet-ke-noi-that-benh-vien-da-khoa-dong-nai2-300x169.jpg 300w, https:\/\/kientrucbenhvien.com\/wp-content\/uploads\/2019\/08\/thiet-ke-noi-that-benh-vien-da-khoa-dong-nai2-768x432.jpg 768w, https:\/\/kientrucbenhvien.com\/wp-content\/uploads\/2019\/08\/thiet-ke-noi-that-benh-vien-da-khoa-dong-nai2-555x312.jpg 555w, https:\/\/kientrucbenhvien.com\/wp-content\/uploads\/2019\/08\/thiet-ke-noi-that-benh-vien-da-khoa-dong-nai2-1110x624.jpg 1110w, https:\/\/kientrucbenhvien.com\/wp-content\/uploads\/2019\/08\/thiet-ke-noi-that-benh-vien-da-khoa-dong-nai2-600x338.jpg 600w, https:\/\/kientrucbenhvien.com\/wp-content\/uploads\/2019\/08\/thiet-ke-noi-that-benh-vien-da-khoa-dong-nai2.jpg 1920w\" sizes=\"(max-width: 1024px) 100vw, 1024px\" \/><\/p>\n<p><img loading=\"lazy\" class=\"size-large wp-image-2773 aligncenter\" src=\"https:\/\/kientrucbenhvien.com\/wp-content\/uploads\/2019\/08\/thiet-ke-noi-that-benh-vien-da-khoa-dong-nai3-1024x576.jpg\" alt=\"\" width=\"1024\" height=\"576\" srcset=\"https:\/\/kientrucbenhvien.com\/wp-content\/uploads\/2019\/08\/thiet-ke-noi-that-benh-vien-da-khoa-dong-nai3-1024x576.jpg 1024w, https:\/\/kientrucbenhvien.com\/wp-content\/uploads\/2019\/08\/thiet-ke-noi-that-benh-vien-da-khoa-dong-nai3-300x169.jpg 300w, https:\/\/kientrucbenhvien.com\/wp-content\/uploads\/2019\/08\/thiet-ke-noi-that-benh-vien-da-khoa-dong-nai3-768x432.jpg 768w, https:\/\/kientrucbenhvien.com\/wp-content\/uploads\/2019\/08\/thiet-ke-noi-that-benh-vien-da-khoa-dong-nai3-555x312.jpg 555w, https:\/\/kientrucbenhvien.com\/wp-content\/uploads\/2019\/08\/thiet-ke-noi-that-benh-vien-da-khoa-dong-nai3-1110x624.jpg 1110w, https:\/\/kientrucbenhvien.com\/wp-content\/uploads\/2019\/08\/thiet-ke-noi-that-benh-vien-da-khoa-dong-nai3-600x338.jpg 600w, https:\/\/kientrucbenhvien.com\/wp-content\/uploads\/2019\/08\/thiet-ke-noi-that-benh-vien-da-khoa-dong-nai3.jpg 1920w\" sizes=\"(max-width: 1024px) 100vw, 1024px\" \/><\/p>\n<p>&nbsp;<\/p>\n","protected":false},"excerpt":{"rendered":"<p>Sau nhi\u1ec1u n\u0103m nghi\u00ean c\u1ee9u v\u00e0 thi\u1ebft k\u1ebf chuy\u00ean nghi\u1ec7p v\u1ec1 n\u1ed9i th\u1ea5t b\u1ec7nh vi\u1ec7n.\u00a0Ki\u1ebfn tr\u00fac b\u1ec7nh vi\u1ec7n\u00a0lu\u00f4n l\u00e0 \u0111\u01a1n v\u1ecb \u0111i ti\u00ean phong trong l\u0129nh v\u1ef1c\u00a0thi\u1ebft k\u1ebf b\u1ec7nh vi\u1ec7n\u00a0t\u1ea1i Vi\u1ec7t Nam. V\u00e0 h\u00f4m nay m\u1ed9t d\u1ef1 \u00e1n n\u1eefa \u0111\u01b0\u1ee3c ch\u00fang t\u00f4i th\u1ef1c hi\u1ec7n tr\u1ecdn g\u00f3i, \u0111\u1ed1i v\u1edbi h\u1ea1ng m\u1ee5c\u00a0\u00a0thi\u1ebft k\u1ebf n\u1ed9i th\u1ea5t b\u1ec7nh vi\u1ec7n.\u00a0T\u1eebng [&hellip;]<\/p>\n","protected":false},"author":1,"featured_media":2771,"parent":2,"menu_order":0,"comment_status":"closed","ping_status":"closed","template":"","meta":[],"yoast_head":"<!-- This site is optimized with the Yoast SEO Premium plugin v17.8 (Yoast SEO v17.8) - https:\/\/yoast.com\/wordpress\/plugins\/seo\/ -->\n<title>Thi\u1ebft k\u1ebf n\u1ed9i th\u1ea5t b\u1ec7nh vi\u1ec7n - THI\u1ebeT K\u1ebe B\u1ec6NH VI\u1ec6N - C\u00f4ng ty Ki\u1ebfn Tr\u00fac B\u1ec7nh vi\u1ec7n<\/title>\n<meta name=\"description\" content=\"THI\u1ebeT K\u1ebe N\u1ed8I TH\u1ea4T B\u1ec6NH VI\u1ec6N - C\u00f4ng ty Ki\u1ebfn Tr\u00fac B\u1ec7nh vi\u1ec7n.\" \/>\n<meta name=\"robots\" content=\"index, follow, max-snippet:-1, max-image-preview:large, max-video-preview:-1\" \/>\n<link rel=\"canonical\" href=\"https:\/\/kientrucbenhvien.com\/index.php\/home\/thiet-ke-noi-that-benh-vien\/\" \/>\n<meta property=\"og:locale\" content=\"vi_VN\" \/>\n<meta property=\"og:type\" content=\"article\" \/>\n<meta property=\"og:title\" content=\"Thi\u1ebft k\u1ebf n\u1ed9i th\u1ea5t b\u1ec7nh vi\u1ec7n\" \/>\n<meta property=\"og:description\" content=\"THI\u1ebeT K\u1ebe N\u1ed8I TH\u1ea4T B\u1ec6NH VI\u1ec6N - C\u00f4ng ty Ki\u1ebfn Tr\u00fac B\u1ec7nh vi\u1ec7n.\" \/>\n<meta property=\"og:url\" content=\"https:\/\/kientrucbenhvien.com\/index.php\/home\/thiet-ke-noi-that-benh-vien\/\" \/>\n<meta property=\"og:site_name\" content=\"THI\u1ebeT K\u1ebe B\u1ec6NH VI\u1ec6N - C\u00f4ng ty Ki\u1ebfn Tr\u00fac B\u1ec7nh vi\u1ec7n\" \/>\n<meta property=\"article:modified_time\" content=\"2019-09-20T06:59:24+00:00\" \/>\n<meta property=\"og:image\" content=\"https:\/\/kientrucbenhvien.com\/wp-content\/uploads\/2019\/08\/thiet-ke-noi-that-benh-vien-da-khoa-dong-nai1.jpg\" \/>\n\t<meta property=\"og:image:width\" content=\"1920\" \/>\n\t<meta property=\"og:image:height\" content=\"1080\" \/>\n<meta name=\"twitter:card\" content=\"summary_large_image\" \/>\n<meta name=\"twitter:label1\" content=\"\u01af\u1edbc t\u00ednh th\u1eddi gian \u0111\u1ecdc\" \/>\n\t<meta name=\"twitter:data1\" content=\"1 ph\u00fat\" \/>\n<script type=\"application\/ld+json\" class=\"yoast-schema-graph\">{\"@context\":\"https:\/\/schema.org\",\"@graph\":[{\"@type\":[\"Person\",\"Organization\"],\"@id\":\"https:\/\/kientrucbenhvien.com\/#\/schema\/person\/3e7b9a6669dd435404a12fbd675d2ede\",\"name\":\"admin\",\"image\":{\"@type\":\"ImageObject\",\"@id\":\"https:\/\/kientrucbenhvien.com\/#personlogo\",\"inLanguage\":\"vi\",\"url\":\"https:\/\/secure.gravatar.com\/avatar\/250c70cc5e80dbaf08dc22d7ab353146?s=96&d=mm&r=g\",\"contentUrl\":\"https:\/\/secure.gravatar.com\/avatar\/250c70cc5e80dbaf08dc22d7ab353146?s=96&d=mm&r=g\",\"caption\":\"admin\"},\"logo\":{\"@id\":\"https:\/\/kientrucbenhvien.com\/#personlogo\"}},{\"@type\":\"WebSite\",\"@id\":\"https:\/\/kientrucbenhvien.com\/#website\",\"url\":\"https:\/\/kientrucbenhvien.com\/\",\"name\":\"THI\\u1ebeT K\\u1ebe B\\u1ec6NH VI\\u1ec6N - C\\u00f4ng ty Ki\\u1ebfn Tr\\u00fac B\\u1ec7nh vi\\u1ec7n\",\"description\":\"Thi\\u1ebft k\\u1ebf ki\\u1ebfn tr\\u00fac b\\u1ec7nh vi\\u1ec7n,\",\"publisher\":{\"@id\":\"https:\/\/kientrucbenhvien.com\/#\/schema\/person\/3e7b9a6669dd435404a12fbd675d2ede\"},\"potentialAction\":[{\"@type\":\"SearchAction\",\"target\":{\"@type\":\"EntryPoint\",\"urlTemplate\":\"https:\/\/kientrucbenhvien.com\/?s={search_term_string}\"},\"query-input\":\"required name=search_term_string\"}],\"inLanguage\":\"vi\"},{\"@type\":\"ImageObject\",\"@id\":\"https:\/\/kientrucbenhvien.com\/index.php\/home\/thiet-ke-noi-that-benh-vien\/#primaryimage\",\"inLanguage\":\"vi\",\"url\":\"https:\/\/kientrucbenhvien.com\/wp-content\/uploads\/2019\/08\/thiet-ke-noi-that-benh-vien-da-khoa-dong-nai1.jpg\",\"contentUrl\":\"https:\/\/kientrucbenhvien.com\/wp-content\/uploads\/2019\/08\/thiet-ke-noi-that-benh-vien-da-khoa-dong-nai1.jpg\",\"width\":1920,\"height\":1080},{\"@type\":\"WebPage\",\"@id\":\"https:\/\/kientrucbenhvien.com\/index.php\/home\/thiet-ke-noi-that-benh-vien\/#webpage\",\"url\":\"https:\/\/kientrucbenhvien.com\/index.php\/home\/thiet-ke-noi-that-benh-vien\/\",\"name\":\"Thi\\u1ebft k\\u1ebf n\\u1ed9i th\\u1ea5t b\\u1ec7nh vi\\u1ec7n - THI\\u1ebeT K\\u1ebe B\\u1ec6NH VI\\u1ec6N - C\\u00f4ng ty Ki\\u1ebfn Tr\\u00fac B\\u1ec7nh vi\\u1ec7n\",\"isPartOf\":{\"@id\":\"https:\/\/kientrucbenhvien.com\/#website\"},\"primaryImageOfPage\":{\"@id\":\"https:\/\/kientrucbenhvien.com\/index.php\/home\/thiet-ke-noi-that-benh-vien\/#primaryimage\"},\"datePublished\":\"2019-08-12T01:37:08+00:00\",\"dateModified\":\"2019-09-20T06:59:24+00:00\",\"description\":\"THI\\u1ebeT K\\u1ebe N\\u1ed8I TH\\u1ea4T B\\u1ec6NH VI\\u1ec6N - C\\u00f4ng ty Ki\\u1ebfn Tr\\u00fac B\\u1ec7nh vi\\u1ec7n.\",\"breadcrumb\":{\"@id\":\"https:\/\/kientrucbenhvien.com\/index.php\/home\/thiet-ke-noi-that-benh-vien\/#breadcrumb\"},\"inLanguage\":\"vi\",\"potentialAction\":[{\"@type\":\"ReadAction\",\"target\":[\"https:\/\/kientrucbenhvien.com\/index.php\/home\/thiet-ke-noi-that-benh-vien\/\"]}]},{\"@type\":\"BreadcrumbList\",\"@id\":\"https:\/\/kientrucbenhvien.com\/index.php\/home\/thiet-ke-noi-that-benh-vien\/#breadcrumb\",\"itemListElement\":[{\"@type\":\"ListItem\",\"position\":1,\"name\":\"Trang ch\\u1ee7\",\"item\":\"https:\/\/kientrucbenhvien.com\/\"},{\"@type\":\"ListItem\",\"position\":2,\"name\":\"Home\",\"item\":\"https:\/\/kientrucbenhvien.com\/\"},{\"@type\":\"ListItem\",\"position\":3,\"name\":\"Thi\\u1ebft k\\u1ebf n\\u1ed9i th\\u1ea5t b\\u1ec7nh vi\\u1ec7n\"}]}]}<\/script>\n<!-- \/ Yoast SEO Premium plugin. -->","yoast_head_json":{"title":"Thi\u1ebft k\u1ebf n\u1ed9i th\u1ea5t b\u1ec7nh vi\u1ec7n - THI\u1ebeT K\u1ebe B\u1ec6NH VI\u1ec6N - C\u00f4ng ty Ki\u1ebfn Tr\u00fac B\u1ec7nh vi\u1ec7n","description":"THI\u1ebeT K\u1ebe N\u1ed8I TH\u1ea4T B\u1ec6NH VI\u1ec6N - C\u00f4ng ty Ki\u1ebfn Tr\u00fac B\u1ec7nh vi\u1ec7n.","robots":{"index":"index","follow":"follow","max-snippet":"max-snippet:-1","max-image-preview":"max-image-preview:large","max-video-preview":"max-video-preview:-1"},"canonical":"https:\/\/kientrucbenhvien.com\/index.php\/home\/thiet-ke-noi-that-benh-vien\/","og_locale":"vi_VN","og_type":"article","og_title":"Thi\u1ebft k\u1ebf n\u1ed9i th\u1ea5t b\u1ec7nh vi\u1ec7n","og_description":"THI\u1ebeT K\u1ebe N\u1ed8I TH\u1ea4T B\u1ec6NH VI\u1ec6N - C\u00f4ng ty Ki\u1ebfn Tr\u00fac B\u1ec7nh vi\u1ec7n.","og_url":"https:\/\/kientrucbenhvien.com\/index.php\/home\/thiet-ke-noi-that-benh-vien\/","og_site_name":"THI\u1ebeT K\u1ebe B\u1ec6NH VI\u1ec6N - C\u00f4ng ty Ki\u1ebfn Tr\u00fac B\u1ec7nh vi\u1ec7n","article_modified_time":"2019-09-20T06:59:24+00:00","og_image":[{"width":1920,"height":1080,"url":"https:\/\/kientrucbenhvien.com\/wp-content\/uploads\/2019\/08\/thiet-ke-noi-that-benh-vien-da-khoa-dong-nai1.jpg","type":"image\/jpeg"}],"twitter_card":"summary_large_image","twitter_misc":{"\u01af\u1edbc t\u00ednh th\u1eddi gian \u0111\u1ecdc":"1 ph\u00fat"},"schema":{"@context":"https:\/\/schema.org","@graph":[{"@type":["Person","Organization"],"@id":"https:\/\/kientrucbenhvien.com\/#\/schema\/person\/3e7b9a6669dd435404a12fbd675d2ede","name":"admin","image":{"@type":"ImageObject","@id":"https:\/\/kientrucbenhvien.com\/#personlogo","inLanguage":"vi","url":"https:\/\/secure.gravatar.com\/avatar\/250c70cc5e80dbaf08dc22d7ab353146?s=96&d=mm&r=g","contentUrl":"https:\/\/secure.gravatar.com\/avatar\/250c70cc5e80dbaf08dc22d7ab353146?s=96&d=mm&r=g","caption":"admin"},"logo":{"@id":"https:\/\/kientrucbenhvien.com\/#personlogo"}},{"@type":"WebSite","@id":"https:\/\/kientrucbenhvien.com\/#website","url":"https:\/\/kientrucbenhvien.com\/","name":"THI\u1ebeT K\u1ebe B\u1ec6NH VI\u1ec6N - C\u00f4ng ty Ki\u1ebfn Tr\u00fac B\u1ec7nh vi\u1ec7n","description":"Thi\u1ebft k\u1ebf ki\u1ebfn tr\u00fac b\u1ec7nh vi\u1ec7n,","publisher":{"@id":"https:\/\/kientrucbenhvien.com\/#\/schema\/person\/3e7b9a6669dd435404a12fbd675d2ede"},"potentialAction":[{"@type":"SearchAction","target":{"@type":"EntryPoint","urlTemplate":"https:\/\/kientrucbenhvien.com\/?s={search_term_string}"},"query-input":"required name=search_term_string"}],"inLanguage":"vi"},{"@type":"ImageObject","@id":"https:\/\/kientrucbenhvien.com\/index.php\/home\/thiet-ke-noi-that-benh-vien\/#primaryimage","inLanguage":"vi","url":"https:\/\/kientrucbenhvien.com\/wp-content\/uploads\/2019\/08\/thiet-ke-noi-that-benh-vien-da-khoa-dong-nai1.jpg","contentUrl":"https:\/\/kientrucbenhvien.com\/wp-content\/uploads\/2019\/08\/thiet-ke-noi-that-benh-vien-da-khoa-dong-nai1.jpg","width":1920,"height":1080},{"@type":"WebPage","@id":"https:\/\/kientrucbenhvien.com\/index.php\/home\/thiet-ke-noi-that-benh-vien\/#webpage","url":"https:\/\/kientrucbenhvien.com\/index.php\/home\/thiet-ke-noi-that-benh-vien\/","name":"Thi\u1ebft k\u1ebf n\u1ed9i th\u1ea5t b\u1ec7nh vi\u1ec7n - THI\u1ebeT K\u1ebe B\u1ec6NH VI\u1ec6N - C\u00f4ng ty Ki\u1ebfn Tr\u00fac B\u1ec7nh vi\u1ec7n","isPartOf":{"@id":"https:\/\/kientrucbenhvien.com\/#website"},"primaryImageOfPage":{"@id":"https:\/\/kientrucbenhvien.com\/index.php\/home\/thiet-ke-noi-that-benh-vien\/#primaryimage"},"datePublished":"2019-08-12T01:37:08+00:00","dateModified":"2019-09-20T06:59:24+00:00","description":"THI\u1ebeT K\u1ebe N\u1ed8I TH\u1ea4T B\u1ec6NH VI\u1ec6N - C\u00f4ng ty Ki\u1ebfn Tr\u00fac B\u1ec7nh vi\u1ec7n.","breadcrumb":{"@id":"https:\/\/kientrucbenhvien.com\/index.php\/home\/thiet-ke-noi-that-benh-vien\/#breadcrumb"},"inLanguage":"vi","potentialAction":[{"@type":"ReadAction","target":["https:\/\/kientrucbenhvien.com\/index.php\/home\/thiet-ke-noi-that-benh-vien\/"]}]},{"@type":"BreadcrumbList","@id":"https:\/\/kientrucbenhvien.com\/index.php\/home\/thiet-ke-noi-that-benh-vien\/#breadcrumb","itemListElement":[{"@type":"ListItem","position":1,"name":"Trang ch\u1ee7","item":"https:\/\/kientrucbenhvien.com\/"},{"@type":"ListItem","position":2,"name":"Home","item":"https:\/\/kientrucbenhvien.com\/"},{"@type":"ListItem","position":3,"name":"Thi\u1ebft k\u1ebf n\u1ed9i th\u1ea5t b\u1ec7nh vi\u1ec7n"}]}]}},"_links":{"self":[{"href":"https:\/\/kientrucbenhvien.com\/index.php\/wp-json\/wp\/v2\/pages\/2769"}],"collection":[{"href":"https:\/\/kientrucbenhvien.com\/index.php\/wp-json\/wp\/v2\/pages"}],"about":[{"href":"https:\/\/kientrucbenhvien.com\/index.php\/wp-json\/wp\/v2\/types\/page"}],"author":[{"embeddable":true,"href":"https:\/\/kientrucbenhvien.com\/index.php\/wp-json\/wp\/v2\/users\/1"}],"replies":[{"embeddable":true,"href":"https:\/\/kientrucbenhvien.com\/index.php\/wp-json\/wp\/v2\/comments?post=2769"}],"version-history":[{"count":5,"href":"https:\/\/kientrucbenhvien.com\/index.php\/wp-json\/wp\/v2\/pages\/2769\/revisions"}],"predecessor-version":[{"id":3024,"href":"https:\/\/kientrucbenhvien.com\/index.php\/wp-json\/wp\/v2\/pages\/2769\/revisions\/3024"}],"up":[{"embeddable":true,"href":"https:\/\/kientrucbenhvien.com\/index.php\/wp-json\/wp\/v2\/pages\/2"}],"wp:featuredmedia":[{"embeddable":true,"href":"https:\/\/kientrucbenhvien.com\/index.php\/wp-json\/wp\/v2\/media\/2771"}],"wp:attachment":[{"href":"https:\/\/kientrucbenhvien.com\/index.php\/wp-json\/wp\/v2\/media?parent=2769"}],"curies":[{"name":"wp","href":"https:\/\/api.w.org\/{rel}","templated":true}]}}