{"id":544,"date":"2019-02-01T05:41:15","date_gmt":"2019-02-01T05:41:15","guid":{"rendered":"http:\/\/kientrucbenhvien.com\/?page_id=544"},"modified":"2020-09-09T16:12:39","modified_gmt":"2020-09-09T09:12:39","slug":"lien-he","status":"publish","type":"page","link":"https:\/\/kientrucbenhvien.com\/index.php\/kien-truc\/lien-he\/","title":{"rendered":"Li\u00ean h\u1ec7"},"content":{"rendered":"[vc_row][vc_column]<div role=\"form\" class=\"wpcf7\" id=\"wpcf7-f4-o1\" lang=\"en-US\" dir=\"ltr\">\n<div class=\"screen-reader-response\"><p role=\"status\" aria-live=\"polite\" aria-atomic=\"true\"><\/p> <ul><\/ul><\/div>\n<form action=\"\/index.php\/wp-json\/wp\/v2\/pages\/544#wpcf7-f4-o1\" method=\"post\" class=\"wpcf7-form init\" novalidate=\"novalidate\" data-status=\"init\">\n<div style=\"display: none;\">\n<input type=\"hidden\" name=\"_wpcf7\" value=\"4\" \/>\n<input type=\"hidden\" name=\"_wpcf7_version\" value=\"5.4.1\" \/>\n<input type=\"hidden\" name=\"_wpcf7_locale\" value=\"en_US\" \/>\n<input type=\"hidden\" name=\"_wpcf7_unit_tag\" value=\"wpcf7-f4-o1\" \/>\n<input type=\"hidden\" name=\"_wpcf7_container_post\" value=\"0\" \/>\n<input type=\"hidden\" name=\"_wpcf7_posted_data_hash\" value=\"\" \/>\n<\/div>\n<div class=\"quick-form\">\n<h4>G\u1eedi tin nh\u1eafn:<\/h4>\n<p>Vui l\u00f2ng cho ch\u00fang t\u00f4i bi\u1ebft n\u1ed9i dung Anh, Ch\u1ecb c\u1ea7n t\u01b0 v\u1ea5n. N\u00ean \u0111\u1ec3 l\u1ea1i s\u1ed1 \u0111i\u1ec7n tho\u1ea1i \u0111\u1ec3 ti\u1ec7n li\u00ean l\u1ea1c.<br> <b><span style=\"color: #339966;\"><strong><a style=\"color: #339966;\" href=\"tel:0909444546\">Hotline: 0909 44 45 46<\/a><\/strong><\/span><\/b>.<\/br><\/p>\n<div class=\"row\">\n<div class=\"columns columns-6\">\n<span class=\"wpcf7-form-control-wrap text1\"><input type=\"text\" name=\"text1\" value=\"\" size=\"40\" class=\"wpcf7-form-control wpcf7-text\" aria-invalid=\"false\" placeholder=\"H\u1ecd t\u00ean\" \/><\/span><br \/>\n<span class=\"wpcf7-form-control-wrap text2\"><input type=\"email\" name=\"text2\" value=\"\" size=\"40\" class=\"wpcf7-form-control wpcf7-text wpcf7-email wpcf7-validates-as-required wpcf7-validates-as-email\" aria-required=\"true\" aria-invalid=\"false\" placeholder=\"Email\" \/><\/span><br \/>\n<span class=\"wpcf7-form-control-wrap text3\"><select name=\"text3\" class=\"wpcf7-form-control wpcf7-select\" aria-invalid=\"false\"><option value=\"Thi\u1ebft k\u1ebf m\u1edbi\">Thi\u1ebft k\u1ebf m\u1edbi<\/option><option value=\"C\u1ea3i t\u1ea1o l\u1ea1i\">C\u1ea3i t\u1ea1o l\u1ea1i<\/option><option value=\"M\u1ee5c kh\u00e1c\">M\u1ee5c kh\u00e1c<\/option><\/select><\/span>\n<\/div>\n<div class=\"columns columns-6\">\n<span class=\"wpcf7-form-control-wrap text4\"><input type=\"text\" name=\"text4\" value=\"\" size=\"40\" class=\"wpcf7-form-control wpcf7-text\" aria-invalid=\"false\" placeholder=\"Ch\u1ee7 \u0111\u1ec1\" \/><\/span><br \/>\n<span class=\"wpcf7-form-control-wrap text5\"><textarea name=\"text5\" cols=\"40\" rows=\"10\" class=\"wpcf7-form-control wpcf7-textarea\" aria-invalid=\"false\" placeholder=\"N\u1ed9i dung\"><\/textarea><\/span>\n<\/div>\n<\/div>\n<div class=\"row\">\n<div class=\"columns columns-6\">&nbsp;<\/div>\n<div class=\"columns columns-6\"><input type=\"submit\" value=\"G\u1eedi\" class=\"wpcf7-form-control wpcf7-submit\" \/><\/div>\n<\/div>\n<\/div>\n<div class=\"wpcf7-response-output\" aria-hidden=\"true\"><\/div><\/form><\/div>[vc_empty_space][vc_gmaps link=&#8221;#E-8_JTNDaWZyYW1lJTIwc3JjJTNEJTIyaHR0cHMlM0ElMkYlMkZ3d3cuZ29vZ2xlLmNvbSUyRm1hcHMlMkZlbWJlZCUzRnBiJTNEJTIxMW0xOCUyMTFtMTIlMjExbTMlMjExZDUzODUuMDA1NTE5Mjc1OTA3JTIxMmQxMDYuNjExNTY5MzU3MTU0NyUyMTNkMTAuNzg0NDY4NTY5NDYyODclMjEybTMlMjExZjAlMjEyZjAlMjEzZjAlMjEzbTIlMjExaTEwMjQlMjEyaTc2OCUyMTRmMTMuMSUyMTNtMyUyMTFtMiUyMTFzMHgwJTI1M0EweDY3YTEwN2RmNWUxYjNkMDIlMjEyelE4T1VUa2NnVkZrZ1ZFNUlTQ0JVU0VuaHVyNVVJRXZodXI0Z1Mwbmh1cjVPSUZSU3c1cERJRUxodTRaT1NDQldTZUc3aGs0JTIxNWUwJTIxM20yJTIxMXN2aSUyMTJzJTIxNHYxNTk5NjQyNjU4OTEyJTIxNW0yJTIxMXN2aSUyMTJzJTIyJTIwd2lkdGglM0QlMjI2MDAlMjIlMjBoZWlnaHQlM0QlMjI0NTAlMjIlMjBmcmFtZWJvcmRlciUzRCUyMjAlMjIlMjBzdHlsZSUzRCUyMmJvcmRlciUzQTAlM0IlMjIlMjBhbGxvd2Z1bGxzY3JlZW4lM0QlMjIlMjIlMjBhcmlhLWhpZGRlbiUzRCUyMmZhbHNlJTIyJTIwdGFiaW5kZXglM0QlMjIwJTIyJTNFJTNDJTJGaWZyYW1lJTNF&#8221; css_animation=&#8221;fadeIn&#8221;][vc_empty_space][\/vc_column][\/vc_row][vc_row][vc_column][\/vc_column][\/vc_row][vc_row][vc_column][\/vc_column][\/vc_row]\n","protected":false},"excerpt":{"rendered":"<p>[vc_row][vc_column][vc_empty_space][vc_gmaps link=&#8221;#E-8_JTNDaWZyYW1lJTIwc3JjJTNEJTIyaHR0cHMlM0ElMkYlMkZ3d3cuZ29vZ2xlLmNvbSUyRm1hcHMlMkZlbWJlZCUzRnBiJTNEJTIxMW0xOCUyMTFtMTIlMjExbTMlMjExZDUzODUuMDA1NTE5Mjc1OTA3JTIxMmQxMDYuNjExNTY5MzU3MTU0NyUyMTNkMTAuNzg0NDY4NTY5NDYyODclMjEybTMlMjExZjAlMjEyZjAlMjEzZjAlMjEzbTIlMjExaTEwMjQlMjEyaTc2OCUyMTRmMTMuMSUyMTNtMyUyMTFtMiUyMTFzMHgwJTI1M0EweDY3YTEwN2RmNWUxYjNkMDIlMjEyelE4T1VUa2NnVkZrZ1ZFNUlTQ0JVU0VuaHVyNVVJRXZodXI0Z1Mwbmh1cjVPSUZSU3c1cERJRUxodTRaT1NDQldTZUc3aGs0JTIxNWUwJTIxM20yJTIxMXN2aSUyMTJzJTIxNHYxNTk5NjQyNjU4OTEyJTIxNW0yJTIxMXN2aSUyMTJzJTIyJTIwd2lkdGglM0QlMjI2MDAlMjIlMjBoZWlnaHQlM0QlMjI0NTAlMjIlMjBmcmFtZWJvcmRlciUzRCUyMjAlMjIlMjBzdHlsZSUzRCUyMmJvcmRlciUzQTAlM0IlMjIlMjBhbGxvd2Z1bGxzY3JlZW4lM0QlMjIlMjIlMjBhcmlhLWhpZGRlbiUzRCUyMmZhbHNlJTIyJTIwdGFiaW5kZXglM0QlMjIwJTIyJTNFJTNDJTJGaWZyYW1lJTNF&#8221; css_animation=&#8221;fadeIn&#8221;][vc_empty_space][\/vc_column][\/vc_row][vc_row][vc_column][\/vc_column][\/vc_row][vc_row][vc_column][\/vc_column][\/vc_row]<\/p>\n","protected":false},"author":1,"featured_media":0,"parent":534,"menu_order":0,"comment_status":"closed","ping_status":"closed","template":"","meta":[],"yoast_head":"<!-- This site is optimized with the Yoast SEO Premium plugin v17.8 (Yoast SEO v17.8) - https:\/\/yoast.com\/wordpress\/plugins\/seo\/ -->\n<title>Li\u00ean h\u1ec7 - THI\u1ebeT K\u1ebe B\u1ec6NH VI\u1ec6N - C\u00f4ng ty Ki\u1ebfn Tr\u00fac B\u1ec7nh vi\u1ec7n<\/title>\n<meta name=\"description\" content=\"Thi\u1ebft k\u1ebf ki\u1ebfn tr\u00fac thi c\u00f4ng b\u1ec7nh vi\u1ec7n, trang thi\u1ebft b\u1ecb Y t\u1ebf,\" \/>\n<meta name=\"robots\" content=\"index, follow, max-snippet:-1, max-image-preview:large, max-video-preview:-1\" \/>\n<link rel=\"canonical\" href=\"https:\/\/kientrucbenhvien.com\/index.php\/kien-truc\/lien-he\/\" \/>\n<meta property=\"og:locale\" content=\"vi_VN\" \/>\n<meta property=\"og:type\" content=\"article\" \/>\n<meta property=\"og:title\" content=\"Li\u00ean h\u1ec7\" \/>\n<meta property=\"og:description\" content=\"Thi\u1ebft k\u1ebf ki\u1ebfn tr\u00fac thi c\u00f4ng b\u1ec7nh vi\u1ec7n, trang thi\u1ebft b\u1ecb Y t\u1ebf,\" \/>\n<meta property=\"og:url\" content=\"https:\/\/kientrucbenhvien.com\/index.php\/kien-truc\/lien-he\/\" \/>\n<meta property=\"og:site_name\" content=\"THI\u1ebeT K\u1ebe B\u1ec6NH VI\u1ec6N - C\u00f4ng ty Ki\u1ebfn Tr\u00fac B\u1ec7nh vi\u1ec7n\" \/>\n<meta property=\"article:modified_time\" content=\"2020-09-09T09:12:39+00:00\" \/>\n<meta property=\"og:image\" content=\"https:\/\/kientrucbenhvien.com\/wp-content\/uploads\/2019\/03\/logo.png\" \/>\n\t<meta property=\"og:image:width\" content=\"67\" \/>\n\t<meta property=\"og:image:height\" content=\"60\" \/>\n<meta name=\"twitter:card\" content=\"summary_large_image\" \/>\n<script type=\"application\/ld+json\" class=\"yoast-schema-graph\">{\"@context\":\"https:\/\/schema.org\",\"@graph\":[{\"@type\":[\"Person\",\"Organization\"],\"@id\":\"https:\/\/kientrucbenhvien.com\/#\/schema\/person\/3e7b9a6669dd435404a12fbd675d2ede\",\"name\":\"admin\",\"image\":{\"@type\":\"ImageObject\",\"@id\":\"https:\/\/kientrucbenhvien.com\/#personlogo\",\"inLanguage\":\"vi\",\"url\":\"https:\/\/secure.gravatar.com\/avatar\/250c70cc5e80dbaf08dc22d7ab353146?s=96&d=mm&r=g\",\"contentUrl\":\"https:\/\/secure.gravatar.com\/avatar\/250c70cc5e80dbaf08dc22d7ab353146?s=96&d=mm&r=g\",\"caption\":\"admin\"},\"logo\":{\"@id\":\"https:\/\/kientrucbenhvien.com\/#personlogo\"}},{\"@type\":\"WebSite\",\"@id\":\"https:\/\/kientrucbenhvien.com\/#website\",\"url\":\"https:\/\/kientrucbenhvien.com\/\",\"name\":\"THI\\u1ebeT K\\u1ebe B\\u1ec6NH VI\\u1ec6N - C\\u00f4ng ty Ki\\u1ebfn Tr\\u00fac B\\u1ec7nh vi\\u1ec7n\",\"description\":\"Thi\\u1ebft k\\u1ebf ki\\u1ebfn tr\\u00fac b\\u1ec7nh vi\\u1ec7n,\",\"publisher\":{\"@id\":\"https:\/\/kientrucbenhvien.com\/#\/schema\/person\/3e7b9a6669dd435404a12fbd675d2ede\"},\"potentialAction\":[{\"@type\":\"SearchAction\",\"target\":{\"@type\":\"EntryPoint\",\"urlTemplate\":\"https:\/\/kientrucbenhvien.com\/?s={search_term_string}\"},\"query-input\":\"required name=search_term_string\"}],\"inLanguage\":\"vi\"},{\"@type\":\"WebPage\",\"@id\":\"https:\/\/kientrucbenhvien.com\/index.php\/kien-truc\/lien-he\/#webpage\",\"url\":\"https:\/\/kientrucbenhvien.com\/index.php\/kien-truc\/lien-he\/\",\"name\":\"Li\\u00ean h\\u1ec7 - THI\\u1ebeT K\\u1ebe B\\u1ec6NH VI\\u1ec6N - C\\u00f4ng ty Ki\\u1ebfn Tr\\u00fac B\\u1ec7nh vi\\u1ec7n\",\"isPartOf\":{\"@id\":\"https:\/\/kientrucbenhvien.com\/#website\"},\"datePublished\":\"2019-02-01T05:41:15+00:00\",\"dateModified\":\"2020-09-09T09:12:39+00:00\",\"description\":\"Thi\\u1ebft k\\u1ebf ki\\u1ebfn tr\\u00fac thi c\\u00f4ng b\\u1ec7nh vi\\u1ec7n, trang thi\\u1ebft b\\u1ecb Y t\\u1ebf,\",\"breadcrumb\":{\"@id\":\"https:\/\/kientrucbenhvien.com\/index.php\/kien-truc\/lien-he\/#breadcrumb\"},\"inLanguage\":\"vi\",\"potentialAction\":[{\"@type\":\"ReadAction\",\"target\":[\"https:\/\/kientrucbenhvien.com\/index.php\/kien-truc\/lien-he\/\"]}]},{\"@type\":\"BreadcrumbList\",\"@id\":\"https:\/\/kientrucbenhvien.com\/index.php\/kien-truc\/lien-he\/#breadcrumb\",\"itemListElement\":[{\"@type\":\"ListItem\",\"position\":1,\"name\":\"Trang ch\\u1ee7\",\"item\":\"https:\/\/kientrucbenhvien.com\/\"},{\"@type\":\"ListItem\",\"position\":2,\"name\":\"Ki\\u1ebfn tr\\u00fac\",\"item\":\"https:\/\/kientrucbenhvien.com\/index.php\/kien-truc\/\"},{\"@type\":\"ListItem\",\"position\":3,\"name\":\"Li\\u00ean h\\u1ec7\"}]}]}<\/script>\n<!-- \/ Yoast SEO Premium plugin. -->","yoast_head_json":{"title":"Li\u00ean h\u1ec7 - THI\u1ebeT K\u1ebe B\u1ec6NH VI\u1ec6N - C\u00f4ng ty Ki\u1ebfn Tr\u00fac B\u1ec7nh vi\u1ec7n","description":"Thi\u1ebft k\u1ebf ki\u1ebfn tr\u00fac thi c\u00f4ng b\u1ec7nh vi\u1ec7n, trang thi\u1ebft b\u1ecb Y t\u1ebf,","robots":{"index":"index","follow":"follow","max-snippet":"max-snippet:-1","max-image-preview":"max-image-preview:large","max-video-preview":"max-video-preview:-1"},"canonical":"https:\/\/kientrucbenhvien.com\/index.php\/kien-truc\/lien-he\/","og_locale":"vi_VN","og_type":"article","og_title":"Li\u00ean h\u1ec7","og_description":"Thi\u1ebft k\u1ebf ki\u1ebfn tr\u00fac thi c\u00f4ng b\u1ec7nh vi\u1ec7n, trang thi\u1ebft b\u1ecb Y t\u1ebf,","og_url":"https:\/\/kientrucbenhvien.com\/index.php\/kien-truc\/lien-he\/","og_site_name":"THI\u1ebeT K\u1ebe B\u1ec6NH VI\u1ec6N - C\u00f4ng ty Ki\u1ebfn Tr\u00fac B\u1ec7nh vi\u1ec7n","article_modified_time":"2020-09-09T09:12:39+00:00","og_image":[{"width":67,"height":60,"url":"https:\/\/kientrucbenhvien.com\/wp-content\/uploads\/2019\/03\/logo.png","type":"image\/png"}],"twitter_card":"summary_large_image","schema":{"@context":"https:\/\/schema.org","@graph":[{"@type":["Person","Organization"],"@id":"https:\/\/kientrucbenhvien.com\/#\/schema\/person\/3e7b9a6669dd435404a12fbd675d2ede","name":"admin","image":{"@type":"ImageObject","@id":"https:\/\/kientrucbenhvien.com\/#personlogo","inLanguage":"vi","url":"https:\/\/secure.gravatar.com\/avatar\/250c70cc5e80dbaf08dc22d7ab353146?s=96&d=mm&r=g","contentUrl":"https:\/\/secure.gravatar.com\/avatar\/250c70cc5e80dbaf08dc22d7ab353146?s=96&d=mm&r=g","caption":"admin"},"logo":{"@id":"https:\/\/kientrucbenhvien.com\/#personlogo"}},{"@type":"WebSite","@id":"https:\/\/kientrucbenhvien.com\/#website","url":"https:\/\/kientrucbenhvien.com\/","name":"THI\u1ebeT K\u1ebe B\u1ec6NH VI\u1ec6N - C\u00f4ng ty Ki\u1ebfn Tr\u00fac B\u1ec7nh vi\u1ec7n","description":"Thi\u1ebft k\u1ebf ki\u1ebfn tr\u00fac b\u1ec7nh vi\u1ec7n,","publisher":{"@id":"https:\/\/kientrucbenhvien.com\/#\/schema\/person\/3e7b9a6669dd435404a12fbd675d2ede"},"potentialAction":[{"@type":"SearchAction","target":{"@type":"EntryPoint","urlTemplate":"https:\/\/kientrucbenhvien.com\/?s={search_term_string}"},"query-input":"required name=search_term_string"}],"inLanguage":"vi"},{"@type":"WebPage","@id":"https:\/\/kientrucbenhvien.com\/index.php\/kien-truc\/lien-he\/#webpage","url":"https:\/\/kientrucbenhvien.com\/index.php\/kien-truc\/lien-he\/","name":"Li\u00ean h\u1ec7 - THI\u1ebeT K\u1ebe B\u1ec6NH VI\u1ec6N - C\u00f4ng ty Ki\u1ebfn Tr\u00fac B\u1ec7nh vi\u1ec7n","isPartOf":{"@id":"https:\/\/kientrucbenhvien.com\/#website"},"datePublished":"2019-02-01T05:41:15+00:00","dateModified":"2020-09-09T09:12:39+00:00","description":"Thi\u1ebft k\u1ebf ki\u1ebfn tr\u00fac thi c\u00f4ng b\u1ec7nh vi\u1ec7n, trang thi\u1ebft b\u1ecb Y t\u1ebf,","breadcrumb":{"@id":"https:\/\/kientrucbenhvien.com\/index.php\/kien-truc\/lien-he\/#breadcrumb"},"inLanguage":"vi","potentialAction":[{"@type":"ReadAction","target":["https:\/\/kientrucbenhvien.com\/index.php\/kien-truc\/lien-he\/"]}]},{"@type":"BreadcrumbList","@id":"https:\/\/kientrucbenhvien.com\/index.php\/kien-truc\/lien-he\/#breadcrumb","itemListElement":[{"@type":"ListItem","position":1,"name":"Trang ch\u1ee7","item":"https:\/\/kientrucbenhvien.com\/"},{"@type":"ListItem","position":2,"name":"Ki\u1ebfn tr\u00fac","item":"https:\/\/kientrucbenhvien.com\/index.php\/kien-truc\/"},{"@type":"ListItem","position":3,"name":"Li\u00ean h\u1ec7"}]}]}},"_links":{"self":[{"href":"https:\/\/kientrucbenhvien.com\/index.php\/wp-json\/wp\/v2\/pages\/544"}],"collection":[{"href":"https:\/\/kientrucbenhvien.com\/index.php\/wp-json\/wp\/v2\/pages"}],"about":[{"href":"https:\/\/kientrucbenhvien.com\/index.php\/wp-json\/wp\/v2\/types\/page"}],"author":[{"embeddable":true,"href":"https:\/\/kientrucbenhvien.com\/index.php\/wp-json\/wp\/v2\/users\/1"}],"replies":[{"embeddable":true,"href":"https:\/\/kientrucbenhvien.com\/index.php\/wp-json\/wp\/v2\/comments?post=544"}],"version-history":[{"count":28,"href":"https:\/\/kientrucbenhvien.com\/index.php\/wp-json\/wp\/v2\/pages\/544\/revisions"}],"predecessor-version":[{"id":3940,"href":"https:\/\/kientrucbenhvien.com\/index.php\/wp-json\/wp\/v2\/pages\/544\/revisions\/3940"}],"up":[{"embeddable":true,"href":"https:\/\/kientrucbenhvien.com\/index.php\/wp-json\/wp\/v2\/pages\/534"}],"wp:attachment":[{"href":"https:\/\/kientrucbenhvien.com\/index.php\/wp-json\/wp\/v2\/media?parent=544"}],"curies":[{"name":"wp","href":"https:\/\/api.w.org\/{rel}","templated":true}]}}